{"id":371,"date":"2024-09-02T22:01:04","date_gmt":"2024-09-02T20:01:04","guid":{"rendered":"https:\/\/www.bilinkadvisory.com\/?page_id=371"},"modified":"2025-08-22T04:08:48","modified_gmt":"2025-08-22T02:08:48","slug":"le-cabinet","status":"publish","type":"page","link":"https:\/\/www.bilinkadvisory.com\/index.php\/le-cabinet\/","title":{"rendered":"Le Cabinet"},"content":{"rendered":"<p>[et_pb_section fb_built=&#8221;1&#8243; fullwidth=&#8221;on&#8221; admin_label=&#8221;Hero Section&#8221; _builder_version=&#8221;4.27.0&#8243; height=&#8221;272px&#8221; global_colors_info=&#8221;{}&#8221;][et_pb_fullwidth_header title=&#8221; &#8221; subhead=&#8221;\u00c0 propos du Cabinet Bilink&#8221; text_orientation=&#8221;center&#8221; background_overlay_color=&#8221;rgba(0,0,0,0.8)&#8221; content_max_width=&#8221;750px&#8221; module_class=&#8221;sub-header-image&#8221; _builder_version=&#8221;4.27.4&#8243; title_font=&#8221;Poppins|700||on|||||&#8221; title_text_color=&#8221;#edbb5f&#8221; title_font_size=&#8221;14px&#8221; title_letter_spacing=&#8221;2px&#8221; title_line_height=&#8221;1.4em&#8221; content_font=&#8221;Poppins||||||||&#8221; content_font_size=&#8221;16px&#8221; content_letter_spacing=&#8221;1px&#8221; content_line_height=&#8221;2em&#8221; subhead_font=&#8221;Inria Serif|700|||||||&#8221; subhead_font_size=&#8221;48px&#8221; subhead_letter_spacing=&#8221;3px&#8221; subhead_line_height=&#8221;1.5em&#8221; background_color=&#8221;rgba(255, 255, 255, 0)&#8221; background_image=&#8221;https:\/\/www.bilinkadvisory.com\/wp-content\/uploads\/2024\/08\/7c916827bfaa7bcb149f733b3e178216-scaled.jpeg&#8221; parallax=&#8221;on&#8221; parallax_method=&#8221;on&#8221; custom_button_one=&#8221;on&#8221; button_one_border_width=&#8221;1px&#8221; button_one_border_color=&#8221;rgba(255,255,255,0.3)&#8221; button_one_border_radius=&#8221;0px&#8221; button_one_letter_spacing=&#8221;1px&#8221; button_one_font=&#8221;Saira Extra Condensed|600||on|||||&#8221; button_one_icon=&#8221;&#x24;||divi||400&#8243; button_one_icon_color=&#8221;#edbb5f&#8221; custom_button_two=&#8221;on&#8221; button_two_border_width=&#8221;1px&#8221; button_two_border_color=&#8221;rgba(255,255,255,0.3)&#8221; button_two_border_radius=&#8221;0px&#8221; button_two_letter_spacing=&#8221;1px&#8221; button_two_font=&#8221;Saira Extra Condensed|600||on|||||&#8221; button_two_icon=&#8221;&#x24;||divi||400&#8243; button_two_icon_color=&#8221;#edbb5f&#8221; module_alignment=&#8221;center&#8221; min_height=&#8221;100px&#8221; height=&#8221;219px&#8221; custom_margin=&#8221;0px||||false|false&#8221; custom_padding=&#8221;54px||||false|false&#8221; custom_padding_tablet=&#8221;8%||130px||false|false&#8221; custom_padding_phone=&#8221;0%||||false|false&#8221; custom_padding_last_edited=&#8221;on|phone&#8221; hover_enabled=&#8221;0&#8243; subhead_font_size_tablet=&#8221;28px&#8221; subhead_font_size_phone=&#8221;34px&#8221; subhead_font_size_last_edited=&#8221;on|phone&#8221; border_width_bottom_image=&#8221;9px&#8221; border_color_bottom_image=&#8221;#CAAD68&#8243; button_one_text_color_hover=&#8221;#edbb5f&#8221; button_two_text_color_hover=&#8221;#edbb5f&#8221; button_one_bg_color_hover=&#8221;rgba(0,0,0,0)&#8221; button_two_bg_color_hover=&#8221;rgba(0,0,0,0)&#8221; global_colors_info=&#8221;{}&#8221; button_one_text_size__hover_enabled=&#8221;off&#8221; button_two_text_size__hover_enabled=&#8221;off&#8221; button_one_text_color__hover_enabled=&#8221;on&#8221; button_one_text_color__hover=&#8221;#edbb5f&#8221; button_two_text_color__hover_enabled=&#8221;on&#8221; button_two_text_color__hover=&#8221;#edbb5f&#8221; button_one_border_width__hover_enabled=&#8221;off&#8221; button_two_border_width__hover_enabled=&#8221;off&#8221; button_one_border_color__hover_enabled=&#8221;off&#8221; button_two_border_color__hover_enabled=&#8221;off&#8221; button_one_border_radius__hover_enabled=&#8221;off&#8221; button_two_border_radius__hover_enabled=&#8221;off&#8221; button_one_letter_spacing__hover_enabled=&#8221;off&#8221; button_two_letter_spacing__hover_enabled=&#8221;off&#8221; button_one_bg_color__hover_enabled=&#8221;on&#8221; button_one_bg_color__hover=&#8221;rgba(0,0,0,0)&#8221; button_two_bg_color__hover_enabled=&#8221;on&#8221; button_two_bg_color__hover=&#8221;rgba(0,0,0,0)&#8221; content_text_align=&#8221;center&#8221; content_text_align_last_edited=&#8221;on|phone&#8221; content_text_align_phone=&#8221;center&#8221; sticky_enabled=&#8221;0&#8243; content_text_align_tablet=&#8221;center&#8221;][\/et_pb_fullwidth_header][\/et_pb_section][et_pb_section fb_built=&#8221;1&#8243; disabled_on=&#8221;off|off|off&#8221; admin_label=&#8221;Team&#8221; _builder_version=&#8221;4.27.0&#8243; background_color=&#8221;#FFFFFF&#8221; min_height=&#8221;100px&#8221; custom_margin=&#8221;0px||||false|false&#8221; custom_padding=&#8221;60px|0px|5px|0px|false|false&#8221; global_colors_info=&#8221;{}&#8221;][et_pb_row _builder_version=&#8221;4.27.0&#8243; min_height=&#8221;20px&#8221; custom_margin=&#8221;|||&#8221; custom_padding=&#8221;|||&#8221; custom_width_px=&#8221;1440px&#8221; global_colors_info=&#8221;{}&#8221;][et_pb_column type=&#8221;4_4&#8243; _builder_version=&#8221;4.16&#8243; custom_padding=&#8221;|||&#8221; global_colors_info=&#8221;{}&#8221; custom_padding__hover=&#8221;|||&#8221;][et_pb_text module_class=&#8221;content-header-txt&#8221; _builder_version=&#8221;4.27.4&#8243; text_font=&#8221;Inria Serif|700|||||||&#8221; text_text_color=&#8221;#000000&#8243; text_font_size=&#8221;17px&#8221; text_letter_spacing=&#8221;2px&#8221; text_line_height=&#8221;2em&#8221; ul_font=&#8221;||||||||&#8221; background_color=&#8221;#FFFFFF&#8221; text_orientation=&#8221;center&#8221; background_layout=&#8221;dark&#8221; custom_margin=&#8221;11px||26px||false|false&#8221; custom_padding=&#8221;0px|50px|0px|50px|true|false&#8221; custom_padding_last_edited=&#8221;off|desktop&#8221; animation_style=&#8221;flip&#8221; animation_delay=&#8221;200ms&#8221; custom_css_free_form=&#8221;.content-header-txt{||  color: var(&#8211;Black, #000);||text-align: center;||font-family: %22Inria Serif%22;||font-size: 38px;||font-style: normal;||font-weight: 700;||line-height: normal;||}&#8221; border_color_top=&#8221;#edbb5f&#8221; locked=&#8221;off&#8221; global_colors_info=&#8221;{}&#8221;]<\/p>\n<p style=\"text-align: center;\">Votre partenaire local et de confiance<\/p>\n<p>[\/et_pb_text][et_pb_divider color=&#8221;#CAAD68&#8243; divider_position=&#8221;center&#8221; _builder_version=&#8221;4.27.0&#8243; _module_preset=&#8221;default&#8221; max_width=&#8221;160px&#8221; module_alignment=&#8221;center&#8221; global_colors_info=&#8221;{}&#8221;][\/et_pb_divider][\/et_pb_column][\/et_pb_row][\/et_pb_section][et_pb_section fb_built=&#8221;1&#8243; admin_label=&#8221;Team&#8221; _builder_version=&#8221;4.27.0&#8243; background_color=&#8221;#FFFFFF&#8221; min_height=&#8221;355px&#8221; custom_margin=&#8221;0px||||false|false&#8221; custom_padding=&#8221;6px|0px|3px|0px|false|false&#8221; global_colors_info=&#8221;{}&#8221;][et_pb_row column_structure=&#8221;1_2,1_2&#8243; _builder_version=&#8221;4.27.0&#8243; min_height=&#8221;266.5px&#8221; custom_margin=&#8221;|||&#8221; custom_padding=&#8221;|||&#8221; custom_width_px=&#8221;1440px&#8221; global_colors_info=&#8221;{}&#8221;][et_pb_column type=&#8221;1_2&#8243; _builder_version=&#8221;4.16&#8243; custom_padding=&#8221;|||&#8221; global_colors_info=&#8221;{}&#8221; custom_padding__hover=&#8221;|||&#8221;][et_pb_image src=&#8221;https:\/\/www.bilinkadvisory.com\/wp-content\/uploads\/2024\/09\/Vector.png&#8221; title_text=&#8221;Vector&#8221; align=&#8221;center&#8221; _builder_version=&#8221;4.27.0&#8243; _module_preset=&#8221;default&#8221; border_radii=&#8221;on|30px|30px|30px|30px&#8221; global_colors_info=&#8221;{}&#8221;][\/et_pb_image][\/et_pb_column][et_pb_column type=&#8221;1_2&#8243; _builder_version=&#8221;4.27.0&#8243; custom_padding=&#8221;0px|50px|50px|30px|false|false&#8221; custom_padding_tablet=&#8221;0px|50px|50px|30px|false|false&#8221; custom_padding_phone=&#8221;|0px||0px|false|true&#8221; custom_padding_last_edited=&#8221;on|phone&#8221; global_colors_info=&#8221;{}&#8221; custom_padding__hover=&#8221;|||&#8221;][et_pb_image src=&#8221;https:\/\/www.bilinkadvisory.com\/wp-content\/uploads\/2024\/09\/logo1_453436bb-d260-45f6-9ade-4c75bbd403e7-2.png&#8221; title_text=&#8221;logo1_453436bb-d260-45f6-9ade-4c75bbd403e7 2&#8243; _builder_version=&#8221;4.27.0&#8243; _module_preset=&#8221;default&#8221; width=&#8221;80%&#8221; custom_padding=&#8221;||33px|||&#8221; global_colors_info=&#8221;{}&#8221;][\/et_pb_image][et_pb_text module_class=&#8221;who-we-are-title&#8221; _builder_version=&#8221;4.27.4&#8243; _module_preset=&#8221;default&#8221; text_font=&#8221;Poppins|600|||||||&#8221; text_font_size=&#8221;24px&#8221; global_colors_info=&#8221;{}&#8221;]<\/p>\n<p><span style=\"font-size: large;\">Bilink est un cabinet d\u2019expertise-comptable et de commissariat aux comptes et inscrit au Tableau de l\u2019Ordre des experts-comptables Paris \u00cele-de-France.<\/span><\/p>\n<p>[\/et_pb_text][et_pb_text module_class=&#8221;who-we-are-body&#8221; _builder_version=&#8221;4.27.4&#8243; _module_preset=&#8221;default&#8221; text_font=&#8221;Poppins||||||||&#8221; text_text_color=&#8221;#555555&#8243; text_font_size=&#8221;16px&#8221; global_colors_info=&#8221;{}&#8221;]<\/p>\n<p>Fond\u00e9 en 2024 \u00e0 Paris par Monsieur Damien Yun CHEN et inscrit au Tableau de l\u2019Ordre des experts-comptables Paris \u00cele-de-France et \u00e0 la Compagnie r\u00e9gionale des commissaires aux comptes de Paris, nous avons pour objectif d\u2019accompagner nos clients de fa\u00e7on r\u00e9active et proactive. Nous proposons des services de qualit\u00e9 gr\u00e2ce \u00e0 nos connaissances et des comp\u00e9tences solides dans les domaines de la comptabilit\u00e9, de l\u2019audit et du conseil.<\/p>\n<p>[\/et_pb_text][et_pb_button button_url=&#8221;https:\/\/www.bilinkadvisory.com\/index.php\/contact\/&#8221; button_text=&#8221;Contacter le Cabinet&#8221; _builder_version=&#8221;4.27.0&#8243; _module_preset=&#8221;default&#8221; custom_button=&#8221;on&#8221; button_text_size=&#8221;14px&#8221; button_text_color=&#8221;#000000&#8243; button_border_radius=&#8221;10px&#8221; button_font=&#8221;Poppins||||||||&#8221; button_icon=&#8221;&#x24;||divi||400&#8243; button_on_hover=&#8221;off&#8221; global_colors_info=&#8221;{}&#8221;][\/et_pb_button][\/et_pb_column][\/et_pb_row][\/et_pb_section][et_pb_section fb_built=&#8221;1&#8243; specialty=&#8221;on&#8221; _builder_version=&#8221;4.27.0&#8243; _module_preset=&#8221;default&#8221; global_colors_info=&#8221;{}&#8221;][et_pb_column type=&#8221;1_4&#8243; _builder_version=&#8221;4.16&#8243; custom_padding=&#8221;|||&#8221; global_colors_info=&#8221;{}&#8221; custom_padding__hover=&#8221;|||&#8221;][\/et_pb_column][et_pb_column type=&#8221;3_4&#8243; specialty_columns=&#8221;3&#8243; _builder_version=&#8221;4.16&#8243; custom_padding=&#8221;|||&#8221; global_colors_info=&#8221;{}&#8221; custom_padding__hover=&#8221;|||&#8221;][\/et_pb_column][\/et_pb_section][et_pb_section fb_built=&#8221;1&#8243; admin_label=&#8221;Team&#8221; _builder_version=&#8221;4.27.0&#8243; background_color=&#8221;#FFFFFF&#8221; min_height=&#8221;378px&#8221; custom_margin=&#8221;0px||||false|false&#8221; custom_padding=&#8221;6px|0px|50px|0px|false|false&#8221; global_colors_info=&#8221;{}&#8221;][et_pb_row _builder_version=&#8221;4.27.4&#8243; min_height=&#8221;184px&#8221; custom_margin=&#8221;-76px||-32px||false|false&#8221; custom_padding=&#8221;||0px||false|false&#8221; custom_width_px=&#8221;1440px&#8221; global_colors_info=&#8221;{}&#8221;][et_pb_column type=&#8221;4_4&#8243; _builder_version=&#8221;4.16&#8243; custom_padding=&#8221;|||&#8221; global_colors_info=&#8221;{}&#8221; custom_padding__hover=&#8221;|||&#8221;][et_pb_text module_class=&#8221;content-header-txt&#8221; _builder_version=&#8221;4.27.4&#8243; text_font=&#8221;Inria Serif|700|||||||&#8221; text_text_color=&#8221;#000000&#8243; text_font_size=&#8221;17px&#8221; text_letter_spacing=&#8221;2px&#8221; text_line_height=&#8221;2em&#8221; ul_font=&#8221;||||||||&#8221; background_color=&#8221;#FFFFFF&#8221; text_orientation=&#8221;center&#8221; background_layout=&#8221;dark&#8221; custom_margin=&#8221;149px||13px||false|false&#8221; custom_padding=&#8221;6px|0px|6px|0px|true|false&#8221; custom_padding_last_edited=&#8221;off|desktop&#8221; animation_style=&#8221;flip&#8221; animation_delay=&#8221;200ms&#8221; custom_css_free_form=&#8221;.content-header-txt{||  color: var(&#8211;Black, #000);||text-align: center;||font-family: %22Inria Serif%22;||font-size: 38px;||font-style: normal;||font-weight: 700;||line-height: normal;||}&#8221; border_color_top=&#8221;#edbb5f&#8221; locked=&#8221;off&#8221; global_colors_info=&#8221;{}&#8221;]<\/p>\n<p style=\"text-align: center;\"><span>Expert-Comptable &amp; Commissaire aux Comptes<\/span><\/p>\n<p>[\/et_pb_text][et_pb_divider color=&#8221;#CAAD68&#8243; divider_position=&#8221;center&#8221; _builder_version=&#8221;4.27.4&#8243; _module_preset=&#8221;default&#8221; max_width=&#8221;160px&#8221; module_alignment=&#8221;center&#8221; custom_margin=&#8221;||37px||false|false&#8221; global_colors_info=&#8221;{}&#8221;][\/et_pb_divider][\/et_pb_column][\/et_pb_row][et_pb_row column_structure=&#8221;1_2,1_2&#8243; _builder_version=&#8221;4.27.0&#8243; background_color=&#8221;#FFFFFF&#8221; min_height=&#8221;266.5px&#8221; custom_margin=&#8221;|||&#8221; custom_padding=&#8221;47px|20px|47px|20px|true|true&#8221; border_radii=&#8221;on|30px|30px|30px|30px&#8221; box_shadow_style=&#8221;preset1&#8243; custom_width_px=&#8221;1440px&#8221; global_colors_info=&#8221;{}&#8221;][et_pb_column type=&#8221;1_2&#8243; _builder_version=&#8221;4.16&#8243; custom_padding=&#8221;|||&#8221; global_colors_info=&#8221;{}&#8221; custom_padding__hover=&#8221;|||&#8221;][et_pb_image src=&#8221;https:\/\/www.bilinkadvisory.com\/wp-content\/uploads\/2024\/09\/Frame-110.jpg&#8221; title_text=&#8221;Frame 110&#8243; _builder_version=&#8221;4.27.0&#8243; _module_preset=&#8221;default&#8221; max_width=&#8221;80%&#8221; module_alignment=&#8221;center&#8221; global_colors_info=&#8221;{}&#8221;][\/et_pb_image][et_pb_text disabled_on=&#8221;on|on|off&#8221; _builder_version=&#8221;4.27.0&#8243; _module_preset=&#8221;default&#8221; max_width=&#8221;80%&#8221; module_alignment=&#8221;center&#8221; global_colors_info=&#8221;{}&#8221;]<\/p>\n<p style=\"text-align: center;\"><em>Damien Yun Chen est expert-comptable inscrit au Tableau de l\u2019Ordre des experts-comptables et commissaire aux comptes inscrit \u00e0 la Compagnie r\u00e9gionale des commissaires<br \/>\naux comptes de Paris<\/em><\/p>\n<p>[\/et_pb_text][et_pb_image src=&#8221;https:\/\/www.bilinkadvisory.com\/wp-content\/uploads\/2024\/09\/logo-CRCC-Paris-CMJN-2.png&#8221; title_text=&#8221;logo-CRCC-Paris-CMJN 2&#8243; disabled_on=&#8221;on|off|off&#8221; _builder_version=&#8221;4.27.0&#8243; _module_preset=&#8221;default&#8221; max_width=&#8221;80%&#8221; module_alignment=&#8221;center&#8221; global_colors_info=&#8221;{}&#8221;][\/et_pb_image][\/et_pb_column][et_pb_column type=&#8221;1_2&#8243; _builder_version=&#8221;4.27.0&#8243; custom_padding=&#8221;|||&#8221; global_colors_info=&#8221;{}&#8221; custom_padding__hover=&#8221;|||&#8221;][et_pb_text module_class=&#8221;expert-name&#8221; _builder_version=&#8221;4.27.4&#8243; _module_preset=&#8221;default&#8221; global_colors_info=&#8221;{}&#8221;]<\/p>\n<p><span>Damien Yun CHEN, CFA<\/span><\/p>\n<p>[\/et_pb_text][et_pb_text _builder_version=&#8221;4.27.4&#8243; _module_preset=&#8221;default&#8221; text_font=&#8221;Poppins|600|||||||&#8221; text_text_color=&#8221;#555555&#8243; text_font_size=&#8221;16px&#8221; custom_margin=&#8221;-28px||||false|false&#8221; global_colors_info=&#8221;{}&#8221;]<\/p>\n<p><span>Associ\u00e9 fondateur<\/span><\/p>\n<p>[\/et_pb_text][et_pb_text _builder_version=&#8221;4.27.0&#8243; _module_preset=&#8221;default&#8221; global_colors_info=&#8221;{}&#8221;]<span>Damien a pass\u00e9 plus de 10 ans au sein d\u2019un des \u00ab\u00a0big four\u00a0\u00bb au bureau d\u2019EY Paris. Au cours de ces ann\u00e9es riches de nombreuses exp\u00e9riences professionnelles, Damien a r\u00e9alis\u00e9 des missions diverses en expertise comptable, audit et conseil. Les clients qu\u2019il a accompagn\u00e9s sont de taille vari\u00e9e et de secteurs diversifi\u00e9s.<\/span>[\/et_pb_text][et_pb_text _builder_version=&#8221;4.27.0&#8243; _module_preset=&#8221;default&#8221; global_colors_info=&#8221;{}&#8221;]<span>Dans le domaine de l\u2019expertise comptable, Damien et son \u00e9quipe vous accompagneront pour les t\u00e2ches quotidiennes de la tenue comptable ce qui vous permettra de lib\u00e9rer votre temps afin de vous concentrer sur votre c\u0153ur de m\u00e9tier. <\/span>[\/et_pb_text][et_pb_text _builder_version=&#8221;4.27.0&#8243; _module_preset=&#8221;default&#8221; global_colors_info=&#8221;{}&#8221;]<\/p>\n<p><span>S\u2019agissant du volet audit, Damien est habitu\u00e9 au contexte \u00e0 la fois national et international. Il r\u00e9alisera un audit de qualit\u00e9 quel que soit le contexte d\u2019intervention : de l\u2019audit des comptes statutaires en normes fran\u00e7aises sur le territoire fran\u00e7ais \u00e0 l\u2019audit des comptes consolid\u00e9s en IFRS dans une circonstance multiculturelle. <\/span><\/p>\n<p>[\/et_pb_text][et_pb_text _builder_version=&#8221;4.27.0&#8243; _module_preset=&#8221;default&#8221; global_colors_info=&#8221;{}&#8221;]<span>Damien poss\u00e8de \u00e9galement un bagage solide en finance. Gr\u00e2ce \u00e0 ses pr\u00e9c\u00e9dentes exp\u00e9riences au sein des fonds d\u2019investissements et des banques d\u2019affaires, et en tant que titulaire de la certification de Chartered Financial Analyste (CFA), Damien est en mesure de vous accompagner pour mener des transactions diverses.<\/span>[\/et_pb_text][et_pb_text disabled_on=&#8221;off|on|on&#8221; _builder_version=&#8221;4.27.0&#8243; _module_preset=&#8221;default&#8221; max_width=&#8221;80%&#8221; module_alignment=&#8221;center&#8221; global_colors_info=&#8221;{}&#8221;]<\/p>\n<p style=\"text-align: center;\"><em>Damien Yun Chen est expert-comptable inscrit au Tableau de l\u2019Ordre des experts-comptables et commissaire aux comptes inscrit \u00e0 la Compagnie r\u00e9gionale des commissaires<br \/>\naux comptes de Paris<\/em><\/p>\n<p>[\/et_pb_text][et_pb_image src=&#8221;https:\/\/www.bilinkadvisory.com\/wp-content\/uploads\/2024\/09\/logo-CRCC-Paris-CMJN-2.png&#8221; title_text=&#8221;logo-CRCC-Paris-CMJN 2&#8243; disabled_on=&#8221;off|on|on&#8221; _builder_version=&#8221;4.27.0&#8243; _module_preset=&#8221;default&#8221; max_width=&#8221;80%&#8221; module_alignment=&#8221;center&#8221; global_colors_info=&#8221;{}&#8221;][\/et_pb_image][\/et_pb_column][\/et_pb_row][\/et_pb_section][et_pb_section fb_built=&#8221;1&#8243; admin_label=&#8221;Team&#8221; _builder_version=&#8221;4.27.0&#8243; background_color=&#8221;#FFFFFF&#8221; min_height=&#8221;378px&#8221; custom_margin=&#8221;0px||||false|false&#8221; custom_padding=&#8221;6px|0px|94px|0px|false|false&#8221; global_colors_info=&#8221;{}&#8221;][et_pb_row _builder_version=&#8221;4.27.0&#8243; min_height=&#8221;184px&#8221; custom_margin=&#8221;|||&#8221; custom_padding=&#8221;||17px|||&#8221; custom_width_px=&#8221;1440px&#8221; global_colors_info=&#8221;{}&#8221;][et_pb_column type=&#8221;4_4&#8243; _builder_version=&#8221;4.16&#8243; custom_padding=&#8221;|||&#8221; global_colors_info=&#8221;{}&#8221; custom_padding__hover=&#8221;|||&#8221;][et_pb_text module_class=&#8221;content-header-txt&#8221; _builder_version=&#8221;4.27.4&#8243; text_font=&#8221;Inria Serif|700|||||||&#8221; text_text_color=&#8221;#000000&#8243; text_font_size=&#8221;17px&#8221; text_letter_spacing=&#8221;2px&#8221; ul_font=&#8221;||||||||&#8221; background_color=&#8221;#FFFFFF&#8221; text_orientation=&#8221;center&#8221; background_layout=&#8221;dark&#8221; custom_margin=&#8221;34px||13px||false|false&#8221; custom_padding=&#8221;6px|0px|6px|0px|true|false&#8221; custom_padding_last_edited=&#8221;off|desktop&#8221; animation_style=&#8221;flip&#8221; animation_delay=&#8221;200ms&#8221; custom_css_free_form=&#8221;.content-header-txt{||  color: var(&#8211;Black, #000);||text-align: center;||font-family: %22Inria Serif%22;||font-size: 38px;||font-style: normal;||font-weight: 700;||line-height: normal;||}&#8221; border_color_top=&#8221;#edbb5f&#8221; locked=&#8221;off&#8221; global_colors_info=&#8221;{}&#8221;]<\/p>\n<p style=\"text-align: center;\"><span>Les valeurs de Bilink<br \/><\/span><\/p>\n<p>[\/et_pb_text][et_pb_divider color=&#8221;#CAAD68&#8243; divider_position=&#8221;center&#8221; _builder_version=&#8221;4.27.0&#8243; _module_preset=&#8221;default&#8221; max_width=&#8221;160px&#8221; module_alignment=&#8221;center&#8221; global_colors_info=&#8221;{}&#8221;][\/et_pb_divider][\/et_pb_column][\/et_pb_row][et_pb_row column_structure=&#8221;1_2,1_2&#8243; _builder_version=&#8221;4.27.4&#8243; _module_preset=&#8221;default&#8221; custom_padding=&#8221;0px||||false|false&#8221; global_colors_info=&#8221;{}&#8221;][et_pb_column type=&#8221;1_2&#8243; _builder_version=&#8221;4.27.0&#8243; _module_preset=&#8221;default&#8221; global_colors_info=&#8221;{}&#8221;][et_pb_text _builder_version=&#8221;4.27.0&#8243; _module_preset=&#8221;default&#8221; text_font=&#8221;|600|||||||&#8221; text_font_size=&#8221;16px&#8221; custom_margin=&#8221;||2px|||&#8221; custom_margin_tablet=&#8221;||2px|||&#8221; custom_margin_phone=&#8221;||2px|||&#8221; custom_margin_last_edited=&#8221;on|phone&#8221; global_colors_info=&#8221;{}&#8221;]<\/p>\n<p><span style=\"color: #000000;\">Notre cabinet Bilink est un cabinet de proximit\u00e9 qui accompagne dynamiquement nos clients dans toutes les \u00e9tapes du cycle de vie d\u2019une entreprise. Notre expertise se refl\u00e8te \u00e0 travers nos valeurs au services de nos clients.<\/span><\/p>\n<p>[\/et_pb_text][et_pb_image src=&#8221;https:\/\/www.bilinkadvisory.com\/wp-content\/uploads\/2024\/09\/Frame-107.png&#8221; title_text=&#8221;Frame 107&#8243; _builder_version=&#8221;4.27.0&#8243; _module_preset=&#8221;default&#8221; max_width=&#8221;80%&#8221; module_alignment=&#8221;center&#8221; global_colors_info=&#8221;{}&#8221;][\/et_pb_image][\/et_pb_column][et_pb_column type=&#8221;1_2&#8243; _builder_version=&#8221;4.27.0&#8243; _module_preset=&#8221;default&#8221; global_colors_info=&#8221;{}&#8221;][et_pb_text _builder_version=&#8221;4.27.0&#8243; _module_preset=&#8221;default&#8221; global_colors_info=&#8221;{}&#8221;]<span>En \u00e9changeant avec les entrepreneurs, nous identifions les souhaits manifest\u00e9s et les d\u00e9sirs potentiels de l\u2019entreprise. Apr\u00e8s confirmation de vos besoins, nous proposons des solutions adapt\u00e9es en fonction de la situation sp\u00e9cifique de votre soci\u00e9t\u00e9. <\/span>[\/et_pb_text][et_pb_text _builder_version=&#8221;4.27.0&#8243; _module_preset=&#8221;default&#8221; global_colors_info=&#8221;{}&#8221;]<span>Bilink met en \u0153uvre pour vous des solutions pragmatiques afin de r\u00e9aliser votre projet dans le d\u00e9lai convenu. Gr\u00e2ce au soutien et \u00e0 la confiance des entrepreneurs, nous constituons une \u00e9quipe adapt\u00e9e pour faire face aux probl\u00e9matiques rencontr\u00e9es. <\/span>[\/et_pb_text][et_pb_text _builder_version=&#8221;4.27.0&#8243; _module_preset=&#8221;default&#8221; global_colors_info=&#8221;{}&#8221;]<span>La mise en place d\u2019une organisation adapt\u00e9e et personnalis\u00e9e contribue au succ\u00e8s des missions gr\u00e2ce \u00e0 notre \u00e9quipe engag\u00e9e. Nous sommes transparents avec notre client sur l\u2019avancement des travaux et l\u2019\u00e9tablissement des papiers de travail. Nos retours pr\u00e9cis aux questions pos\u00e9es permettent de gagner en efficacit\u00e9 dans la communication des informations et la finalisation des missions.<\/span>[\/et_pb_text][\/et_pb_column][\/et_pb_row][\/et_pb_section]<\/p>\n","protected":false},"excerpt":{"rendered":"<p>Votre partenaire local et de confianceBilink est un cabinet d\u2019expertise-comptable et de commissariat aux comptes et inscrit au Tableau de l\u2019Ordre des experts-comptables Paris \u00cele-de-France.Fond\u00e9 en 2024 \u00e0 Paris par Monsieur Damien Yun CHEN et inscrit au Tableau de l\u2019Ordre des experts-comptables Paris \u00cele-de-France et \u00e0 la Compagnie r\u00e9gionale des commissaires aux comptes de Paris, [&hellip;]<\/p>\n","protected":false},"author":2,"featured_media":2974,"parent":0,"menu_order":0,"comment_status":"closed","ping_status":"closed","template":"","meta":{"_et_pb_use_builder":"on","_et_pb_old_content":"","_et_gb_content_width":"","footnotes":""},"class_list":["post-371","page","type-page","status-publish","has-post-thumbnail","hentry"],"jetpack_sharing_enabled":true,"_links":{"self":[{"href":"https:\/\/www.bilinkadvisory.com\/index.php\/wp-json\/wp\/v2\/pages\/371","targetHints":{"allow":["GET"]}}],"collection":[{"href":"https:\/\/www.bilinkadvisory.com\/index.php\/wp-json\/wp\/v2\/pages"}],"about":[{"href":"https:\/\/www.bilinkadvisory.com\/index.php\/wp-json\/wp\/v2\/types\/page"}],"author":[{"embeddable":true,"href":"https:\/\/www.bilinkadvisory.com\/index.php\/wp-json\/wp\/v2\/users\/2"}],"replies":[{"embeddable":true,"href":"https:\/\/www.bilinkadvisory.com\/index.php\/wp-json\/wp\/v2\/comments?post=371"}],"version-history":[{"count":63,"href":"https:\/\/www.bilinkadvisory.com\/index.php\/wp-json\/wp\/v2\/pages\/371\/revisions"}],"predecessor-version":[{"id":3102,"href":"https:\/\/www.bilinkadvisory.com\/index.php\/wp-json\/wp\/v2\/pages\/371\/revisions\/3102"}],"wp:featuredmedia":[{"embeddable":true,"href":"https:\/\/www.bilinkadvisory.com\/index.php\/wp-json\/wp\/v2\/media\/2974"}],"wp:attachment":[{"href":"https:\/\/www.bilinkadvisory.com\/index.php\/wp-json\/wp\/v2\/media?parent=371"}],"curies":[{"name":"wp","href":"https:\/\/api.w.org\/{rel}","templated":true}]}}