{"id":363,"date":"2024-09-02T21:39:05","date_gmt":"2024-09-02T19:39:05","guid":{"rendered":"https:\/\/www.bilinkadvisory.com\/?page_id=363"},"modified":"2025-08-04T09:46:33","modified_gmt":"2025-08-04T07:46:33","slug":"expertise-comptable","status":"publish","type":"page","link":"https:\/\/www.bilinkadvisory.com\/index.php\/expertise-comptable\/","title":{"rendered":"Expertise comptable"},"content":{"rendered":"<p>[et_pb_section fb_built=&#8221;1&#8243; fullwidth=&#8221;on&#8221; admin_label=&#8221;Hero Section&#8221; _builder_version=&#8221;4.27.0&#8243; height=&#8221;272px&#8221; global_colors_info=&#8221;{}&#8221;][et_pb_fullwidth_header title=&#8221; &#8221; subhead=&#8221;Expertise comptable&#8221; text_orientation=&#8221;center&#8221; background_overlay_color=&#8221;rgba(0,0,0,0.8)&#8221; content_max_width=&#8221;750px&#8221; module_class=&#8221;sub-header-image&#8221; _builder_version=&#8221;4.27.0&#8243; title_font=&#8221;Poppins|700||on|||||&#8221; title_text_color=&#8221;#edbb5f&#8221; title_font_size=&#8221;14px&#8221; title_letter_spacing=&#8221;2px&#8221; title_line_height=&#8221;1.4em&#8221; content_font=&#8221;Poppins||||||||&#8221; content_font_size=&#8221;16px&#8221; content_letter_spacing=&#8221;1px&#8221; content_line_height=&#8221;2em&#8221; subhead_font=&#8221;Inria Serif|700|||||||&#8221; subhead_font_size=&#8221;48px&#8221; subhead_letter_spacing=&#8221;3px&#8221; subhead_line_height=&#8221;1.5em&#8221; background_color=&#8221;rgba(255, 255, 255, 0)&#8221; background_image=&#8221;https:\/\/www.bilinkadvisory.com\/wp-content\/uploads\/2024\/08\/7c916827bfaa7bcb149f733b3e178216-scaled.jpeg&#8221; parallax=&#8221;on&#8221; parallax_method=&#8221;on&#8221; custom_button_one=&#8221;on&#8221; button_one_border_width=&#8221;1px&#8221; button_one_border_color=&#8221;rgba(255,255,255,0.3)&#8221; button_one_border_radius=&#8221;0px&#8221; button_one_letter_spacing=&#8221;1px&#8221; button_one_font=&#8221;Saira Extra Condensed|600||on|||||&#8221; button_one_icon=&#8221;&#x24;||divi||400&#8243; button_one_icon_color=&#8221;#edbb5f&#8221; custom_button_two=&#8221;on&#8221; button_two_border_width=&#8221;1px&#8221; button_two_border_color=&#8221;rgba(255,255,255,0.3)&#8221; button_two_border_radius=&#8221;0px&#8221; button_two_letter_spacing=&#8221;1px&#8221; button_two_font=&#8221;Saira Extra Condensed|600||on|||||&#8221; button_two_icon=&#8221;&#x24;||divi||400&#8243; button_two_icon_color=&#8221;#edbb5f&#8221; module_alignment=&#8221;right&#8221; min_height=&#8221;100px&#8221; height=&#8221;272px&#8221; custom_margin=&#8221;0px||||false|false&#8221; custom_padding=&#8221;64px||101px||false|false&#8221; custom_padding_tablet=&#8221;8%||130px||false|false&#8221; custom_padding_phone=&#8221;11%||82px||false|false&#8221; custom_padding_last_edited=&#8221;on|phone&#8221; hover_enabled=&#8221;0&#8243; subhead_font_size_tablet=&#8221;28px&#8221; subhead_font_size_phone=&#8221;34px&#8221; subhead_font_size_last_edited=&#8221;on|phone&#8221; border_width_bottom_image=&#8221;9px&#8221; border_color_bottom_image=&#8221;#CAAD68&#8243; button_one_text_color_hover=&#8221;#edbb5f&#8221; button_two_text_color_hover=&#8221;#edbb5f&#8221; button_one_bg_color_hover=&#8221;rgba(0,0,0,0)&#8221; button_two_bg_color_hover=&#8221;rgba(0,0,0,0)&#8221; global_colors_info=&#8221;{}&#8221; button_one_text_size__hover_enabled=&#8221;off&#8221; button_two_text_size__hover_enabled=&#8221;off&#8221; button_one_text_color__hover_enabled=&#8221;on&#8221; button_one_text_color__hover=&#8221;#edbb5f&#8221; button_two_text_color__hover_enabled=&#8221;on&#8221; button_two_text_color__hover=&#8221;#edbb5f&#8221; button_one_border_width__hover_enabled=&#8221;off&#8221; button_two_border_width__hover_enabled=&#8221;off&#8221; button_one_border_color__hover_enabled=&#8221;off&#8221; button_two_border_color__hover_enabled=&#8221;off&#8221; button_one_border_radius__hover_enabled=&#8221;off&#8221; button_two_border_radius__hover_enabled=&#8221;off&#8221; button_one_letter_spacing__hover_enabled=&#8221;off&#8221; button_two_letter_spacing__hover_enabled=&#8221;off&#8221; button_one_bg_color__hover_enabled=&#8221;on&#8221; button_one_bg_color__hover=&#8221;rgba(0,0,0,0)&#8221; button_two_bg_color__hover_enabled=&#8221;on&#8221; button_two_bg_color__hover=&#8221;rgba(0,0,0,0)&#8221; sticky_enabled=&#8221;0&#8243;][\/et_pb_fullwidth_header][\/et_pb_section][et_pb_section fb_built=&#8221;1&#8243; admin_label=&#8221;Team&#8221; _builder_version=&#8221;4.27.0&#8243; background_color=&#8221;#FFFFFF&#8221; min_height=&#8221;378px&#8221; custom_margin=&#8221;0px||||false|false&#8221; custom_padding=&#8221;60px|0px|51px|0px|false|false&#8221; global_colors_info=&#8221;{}&#8221;][et_pb_row _builder_version=&#8221;4.27.0&#8243; min_height=&#8221;266.5px&#8221; custom_margin=&#8221;|||&#8221; custom_padding=&#8221;|||&#8221; custom_width_px=&#8221;1440px&#8221; global_colors_info=&#8221;{}&#8221;][et_pb_column type=&#8221;4_4&#8243; _builder_version=&#8221;4.16&#8243; custom_padding=&#8221;|||&#8221; global_colors_info=&#8221;{}&#8221; custom_padding__hover=&#8221;|||&#8221;][et_pb_text module_class=&#8221;content-header-txt&#8221; _builder_version=&#8221;4.27.4&#8243; text_font=&#8221;Inria Serif|700|||||||&#8221; text_text_color=&#8221;#000000&#8243; text_font_size=&#8221;17px&#8221; text_letter_spacing=&#8221;2px&#8221; ul_font=&#8221;||||||||&#8221; background_color=&#8221;#FFFFFF&#8221; text_orientation=&#8221;center&#8221; background_layout=&#8221;dark&#8221; custom_margin=&#8221;||13px|||&#8221; custom_padding=&#8221;6px|0px|6px|0px|true|false&#8221; custom_padding_last_edited=&#8221;off|desktop&#8221; animation_style=&#8221;flip&#8221; animation_delay=&#8221;200ms&#8221; custom_css_free_form=&#8221;.content-header-txt{||  color: var(&#8211;Black, #000);||text-align: center;||font-family: %22Inria Serif%22;||font-size: 38px;||font-style: normal;||font-weight: 700;||line-height: normal;||}&#8221; border_color_top=&#8221;#edbb5f&#8221; locked=&#8221;off&#8221; global_colors_info=&#8221;{}&#8221;]<\/p>\n<p style=\"text-align: center;\">Une expertise comptable sur mesure pour accompagner la croissance de votre entreprise<\/p>\n<p>[\/et_pb_text][et_pb_divider color=&#8221;#CAAD68&#8243; divider_position=&#8221;center&#8221; _builder_version=&#8221;4.27.0&#8243; _module_preset=&#8221;default&#8221; max_width=&#8221;160px&#8221; module_alignment=&#8221;center&#8221; hover_enabled=&#8221;0&#8243; global_colors_info=&#8221;{}&#8221; sticky_enabled=&#8221;0&#8243;][\/et_pb_divider][et_pb_text module_class=&#8221;content-header-txt-small&#8221; _builder_version=&#8221;4.27.0&#8243; text_font=&#8221;Poppins|600|||||||&#8221; text_text_color=&#8221;#000000&#8243; text_font_size=&#8221;16px&#8221; text_letter_spacing=&#8221;2px&#8221; text_line_height=&#8221;2em&#8221; ul_font=&#8221;||||||||&#8221; background_color=&#8221;#FFFFFF&#8221; text_orientation=&#8221;center&#8221; background_layout=&#8221;dark&#8221; custom_margin=&#8221;-12px||0px||false|false&#8221; custom_padding=&#8221;0px|0px|0px|0px|true|false&#8221; custom_padding_last_edited=&#8221;off|desktop&#8221; animation_style=&#8221;flip&#8221; animation_delay=&#8221;200ms&#8221; custom_css_free_form=&#8221;.content-header-txt-small{||  color:  #555 ;||text-align: center;||font-family: Poppins;||font-size: 16px;||font-style: normal;||font-weight: 400;||line-height: 24px; \/* 150% *\/||}&#8221; border_color_top=&#8221;#edbb5f&#8221; locked=&#8221;off&#8221; global_colors_info=&#8221;{}&#8221;]<\/p>\n<p style=\"text-align: center;\"><span>Durant toutes les missions de l\u2019expertise comptable, Bilink s\u2019engage \u00e0 refl\u00e9ter en toutes circonstances les valeurs du cabinet : proactivit\u00e9, pragmatisme et efficacit\u00e9.<\/span><\/p>\n<p>[\/et_pb_text][\/et_pb_column][\/et_pb_row][et_pb_row column_structure=&#8221;1_4,3_4&#8243; module_class=&#8221;service-left-icon-row&#8221; _builder_version=&#8221;4.27.0&#8243; _module_preset=&#8221;default&#8221; custom_css_free_form=&#8221;.service-left-icon-row{|| ||}&#8221; border_radii=&#8221;on|20px|20px|20px|20px&#8221; border_width_all=&#8221;2px&#8221; border_color_all=&#8221;#CAAD68&#8243; global_colors_info=&#8221;{}&#8221;][et_pb_column type=&#8221;1_4&#8243; module_class=&#8221;service-left-icon-col&#8221; _builder_version=&#8221;4.27.0&#8243; _module_preset=&#8221;default&#8221; custom_css_free_form=&#8221;.service-left-icon-col{||  ||}&#8221; global_colors_info=&#8221;{}&#8221;][et_pb_image src=&#8221;https:\/\/www.bilinkadvisory.com\/wp-content\/uploads\/2024\/09\/Frame-44-4.png&#8221; title_text=&#8221;Frame 44 (4)&#8221; align=&#8221;center&#8221; module_class=&#8221;service-left-icon&#8221; _builder_version=&#8221;4.27.0&#8243; _module_preset=&#8221;default&#8221; module_alignment=&#8221;center&#8221; height=&#8221;150px&#8221; custom_margin=&#8221;46px||46px||true|true&#8221; custom_margin_tablet=&#8221;46px||46px||true|true&#8221; custom_margin_phone=&#8221;0px||0px||true|true&#8221; custom_margin_last_edited=&#8221;on|phone&#8221; custom_css_free_form=&#8221;.service-left-icon{||      width: max-content;||}&#8221; global_colors_info=&#8221;{}&#8221;][\/et_pb_image][\/et_pb_column][et_pb_column type=&#8221;3_4&#8243; _builder_version=&#8221;4.27.0&#8243; _module_preset=&#8221;default&#8221; custom_padding=&#8221;|||20px|false|false&#8221; global_colors_info=&#8221;{}&#8221;][et_pb_text module_class=&#8221;content-header-txt-small&#8221; _builder_version=&#8221;4.27.4&#8243; _module_preset=&#8221;default&#8221; text_font=&#8221;Poppins||||||||&#8221; text_text_color=&#8221;#000000&#8243; text_font_size=&#8221;16px&#8221; text_letter_spacing=&#8221;2px&#8221; text_line_height=&#8221;2em&#8221; ul_font=&#8221;||||||||&#8221; background_color=&#8221;#FFFFFF&#8221; background_layout=&#8221;dark&#8221; custom_margin=&#8221;-12px||0px||false|false&#8221; custom_padding=&#8221;23px|40px|23px|0px|true|false&#8221; animation_style=&#8221;flip&#8221; animation_delay=&#8221;200ms&#8221; hover_enabled=&#8221;0&#8243; custom_css_free_form=&#8221;.content-header-txt-small{ ||   color :#555;||    letter-spacing: 0px;||    font-family: Poppins;||    font-size: 16px;||    font-style: normal;||    font-weight: 400 !important;||    line-height: 24px !important; ||}&#8221; border_color_top=&#8221;#edbb5f&#8221; global_colors_info=&#8221;{}&#8221; sticky_enabled=&#8221;0&#8243;]<\/p>\n<p style=\"text-align: left;\">Votre partenaire de confiance pour une gestion comptable et fiscale compl\u00e8te.<br \/>Bilink Advisory vous propose une offre globale en comptabilit\u00e9 et fiscalit\u00e9, enti\u00e8rement d\u00e9mat\u00e9rialis\u00e9e, avec une \u00e9quipe d\u00e9di\u00e9e \u00e0 votre entreprise pour un suivi personnalis\u00e9, efficace et conforme \u00e0 vos obligations.<\/p>\n<p>[\/et_pb_text][et_pb_text module_class=&#8221;content-header-txt-small&#8221; _builder_version=&#8221;4.27.4&#8243; _module_preset=&#8221;default&#8221; text_font=&#8221;Poppins||||||||&#8221; text_text_color=&#8221;#000000&#8243; text_font_size=&#8221;16px&#8221; text_letter_spacing=&#8221;2px&#8221; text_line_height=&#8221;2em&#8221; ul_font=&#8221;||||||||&#8221; background_color=&#8221;#FFFFFF&#8221; background_layout=&#8221;dark&#8221; custom_margin=&#8221;-12px||0px||false|false&#8221; custom_padding=&#8221;23px|40px|23px|0px|true|false&#8221; animation_style=&#8221;flip&#8221; animation_delay=&#8221;200ms&#8221; hover_enabled=&#8221;0&#8243; custom_css_free_form=&#8221;.content-header-txt-small{ ||   color :#555;||    letter-spacing: 0px;||    font-family: Poppins;||    font-size: 16px;||    font-style: normal;||    font-weight: 400 !important;||    line-height: 24px !important; ||}&#8221; border_color_top=&#8221;#edbb5f&#8221; global_colors_info=&#8221;{}&#8221; sticky_enabled=&#8221;0&#8243;]<\/p>\n<p style=\"text-align: left;\">Notre accompagnement d\u00e9bute par une analyse approfondie de vos besoins et du contexte sp\u00e9cifique de votre entreprise.<br \/>Lors d\u2019un premier \u00e9change, nous identifions ensemble vos enjeux comptables et fiscaux afin de vous proposer une solution sur mesure. Chaque mission est men\u00e9e dans un climat de confiance, avec un haut niveau d\u2019exigence professionnelle.<\/p>\n<p>[\/et_pb_text][\/et_pb_column][\/et_pb_row][\/et_pb_section][et_pb_section fb_built=&#8221;1&#8243; admin_label=&#8221;Team&#8221; _builder_version=&#8221;4.27.0&#8243; background_color=&#8221;#FFFFFF&#8221; background_image=&#8221;https:\/\/www.bilinkadvisory.com\/wp-content\/uploads\/2024\/09\/Frame-151.png&#8221; background_size=&#8221;custom&#8221; background_image_width=&#8221;24%&#8221; background_image_height=&#8221;0%&#8221; background_position=&#8221;top_left&#8221; background_horizontal_offset=&#8221;-2%&#8221; background_vertical_offset=&#8221;0%&#8221; min_height=&#8221;378px&#8221; custom_margin=&#8221;0px||||false|false&#8221; custom_padding=&#8221;6px|0px|50px|0px|false|false&#8221; global_colors_info=&#8221;{}&#8221;][et_pb_row column_structure=&#8221;2_5,3_5&#8243; _builder_version=&#8221;4.27.0&#8243; min_height=&#8221;266.5px&#8221; custom_margin=&#8221;|||&#8221; custom_padding=&#8221;|||&#8221; custom_width_px=&#8221;1440px&#8221; global_colors_info=&#8221;{}&#8221;][et_pb_column type=&#8221;2_5&#8243; _builder_version=&#8221;4.16&#8243; custom_padding=&#8221;|||&#8221; global_colors_info=&#8221;{}&#8221; custom_padding__hover=&#8221;|||&#8221;][et_pb_image src=&#8221;https:\/\/www.bilinkadvisory.com\/wp-content\/uploads\/2024\/09\/Frame-120-1.jpg&#8221; title_text=&#8221;Frame 120 (1)&#8221; align=&#8221;center&#8221; _builder_version=&#8221;4.27.0&#8243; _module_preset=&#8221;default&#8221; border_radii=&#8221;on|30px|30px|30px|30px&#8221; global_colors_info=&#8221;{}&#8221;][\/et_pb_image][et_pb_code _builder_version=&#8221;4.27.0&#8243; _module_preset=&#8221;default&#8221; custom_padding=&#8221;30px|30px|30px|30px|true|true&#8221; custom_css_free_form=&#8221;.service-button{||  display: flex;||  height: 38px;||  padding: 8px 16px;||  justify-content: center;||  align-items: center;||  gap: 10px;||  border-radius: 10px;||  border: 1px solid #000;||  background:  #FFF;|| }||.service-button-block{||  display: flex;||  align-items: flex-start;||  align-content: flex-start;||  gap: 10px;||align-self: stretch;||flex-wrap: wrap;||}||.service-txt{||  color:  #CAAD68 ;||font-family: Poppins;||font-size: 18px;||font-style: normal;||font-weight: 500;||line-height: 26px; \/* 144.444% *\/||    margin-bottom : 30px;||}&#8221; border_radii=&#8221;on|30px|30px|30px|30px&#8221; border_width_all=&#8221;2px&#8221; border_color_all=&#8221;#f6f6f6&#8243; global_colors_info=&#8221;{}&#8221;]<\/p>\n<div class=\"service-desc-container\"><!-- [et_pb_line_break_holder] -->   <\/p>\n<div class=\"service-txt\"><!-- [et_pb_line_break_holder] -->     D\u00e9couvrez nos autres services<!-- [et_pb_line_break_holder] -->  <\/div>\n<div class=\"service-button-block\"><!-- [et_pb_line_break_holder] --><a href=\"https:\/\/www.bilinkadvisory.com\/index.php\/audit\/\"\u00a0 class=\"service-button\" >Audit<\/a>\u00a0<a href=\"https:\/\/www.bilinkadvisory.com\/index.php\/services-conseil-organisation\/\"\u00a0 class=\"service-button\" >Conseil &#038; organisation<\/a>\u00a0<!-- [et_pb_line_break_holder] --><\/div>\n<p>\u00a0<\/p><\/div>\n<p>[\/et_pb_code][\/et_pb_column][et_pb_column type=&#8221;3_5&#8243; _builder_version=&#8221;4.27.0&#8243; custom_padding=&#8221;0px|50px|50px|30px|false|false&#8221; custom_padding_tablet=&#8221;0px|50px|50px|30px|false|false&#8221; custom_padding_phone=&#8221;|0px||0px|false|true&#8221; custom_padding_last_edited=&#8221;on|phone&#8221; global_colors_info=&#8221;{}&#8221; custom_padding__hover=&#8221;|||&#8221;][et_pb_text _builder_version=&#8221;4.27.4&#8243; _module_preset=&#8221;default&#8221; text_font=&#8221;&#8211;et_global_heading_font|||||on|||&#8221; text_text_color=&#8221;#000000&#8243; text_font_size=&#8221;28px&#8221; header_font=&#8221;&#8211;et_global_heading_font||||||||&#8221; header_2_font_size=&#8221;31px&#8221; header_2_letter_spacing=&#8221;64px&#8221; header_2_line_height=&#8221;1.9em&#8221; text_orientation=&#8221;center&#8221; global_colors_info=&#8221;{}&#8221; locked=&#8221;off&#8221;]<\/p>\n<p>Nos Services en Expertise Comptable<\/p>\n<p>[\/et_pb_text][et_pb_code module_class=&#8221;service-desc-title&#8221; _builder_version=&#8221;4.27.0&#8243; _module_preset=&#8221;default&#8221; custom_padding=&#8221;25px|30px|0px|30px|false|true&#8221; custom_css_free_form=&#8221;.service-txt-title{||  color:  #000 ;||font-family: Poppins;||font-size: 18px;||font-style: normal;||font-weight: 500;||line-height: 26px; \/* 144.444% *\/||  margin-bottom : 22px;||}&#8221; border_radii=&#8221;on|30px|30px|30px|30px&#8221; border_width_all=&#8221;2px&#8221; border_color_all=&#8221;#f6f6f6&#8243; box_shadow_style=&#8221;preset1&#8243; global_colors_info=&#8221;{}&#8221;]<\/p>\n<div class=\"service-desc-container\"><!-- [et_pb_line_break_holder] -->   <\/p>\n<div class=\"service-txt-title\">\u00a0Tenue comptable \u00e0 la vie quotidienne\u00a0:<\/div>\n<p><!-- [et_pb_line_break_holder] -->     <\/p>\n<div class=\"service-desc-list\">\n<ul><!-- [et_pb_line_break_holder] -->        <\/p>\n<li>Etablissement des comptes annuels et remplissage de la liasse fiscale<\/li>\n<li>Etablissements des comptes consolid\u00e9s selon les normes fran\u00e7aises ou international (IFRS)<\/li>\n<li>Etablissement du budget pr\u00e9visionnel, tableau de bord et situation<!-- [et_pb_line_break_holder] -->interm\u00e9diaire<\/li>\n<\/ul>\n<\/div>\n<\/div>\n<p>[\/et_pb_code][et_pb_code module_class=&#8221;service-desc-title&#8221; _builder_version=&#8221;4.27.0&#8243; _module_preset=&#8221;default&#8221; custom_padding=&#8221;25px|30px|0px|30px|false|true&#8221; custom_css_free_form=&#8221;.service-txt-title{||  color:  #000 ;||font-family: Poppins;||font-size: 18px;||font-style: normal;||font-weight: 500;||line-height: 26px; \/* 144.444% *\/||  margin-bottom : 22px;||}&#8221; border_radii=&#8221;on|30px|30px|30px|30px&#8221; border_width_all=&#8221;2px&#8221; border_color_all=&#8221;#f6f6f6&#8243; box_shadow_style=&#8221;preset1&#8243; global_colors_info=&#8221;{}&#8221;]<\/p>\n<div class=\"service-desc-container\"><!-- [et_pb_line_break_holder] -->   <\/p>\n<div class=\"service-txt-title\">\u00a0Assistance et conseil en mati\u00e8re sociale :<\/div>\n<p><!-- [et_pb_line_break_holder] -->     <\/p>\n<div class=\"service-desc-list\">\n<ul><!-- [et_pb_line_break_holder] -->        <\/p>\n<li>Etablissement des bulletins de paie<\/li>\n<li>Suivi quotidien des variables de paie : entr\u00e9e et sortie des salari\u00e9s,absences, cong\u00e9s pay\u00e9s, attestation maladie, accident du travail, etc.<\/li>\n<li>Gestion et d\u00e9clarations des charges sociales : gestion de la D\u00e9claration Sociale Nominative (DSN), d\u00e9clarations sociales aupr\u00e8s des organismes tels que l\u2019URSSAF, etc.<\/li>\n<li>Pr\u00e9paration des formalit\u00e9s li\u00e9es \u00e0 l\u2019embauche : d\u00e9claration pr\u00e9alable, immatriculation aupr\u00e8s des organismes, r\u00e9daction de contrat de travail, etc.<\/li>\n<li>Gestion de la rupture de contrat de travail : gestion de tous types de ruptures de contrat de travail en vous fournissant des conseils personnalis\u00e9s et de gestion des diff\u00e9rentes formalit\u00e9s administratives\u2026<\/li>\n<\/ul><\/div>\n<\/div>\n<p>[\/et_pb_code][et_pb_code module_class=&#8221;service-desc-title&#8221; _builder_version=&#8221;4.27.0&#8243; _module_preset=&#8221;default&#8221; custom_padding=&#8221;25px|30px|0px|30px|false|true&#8221; custom_css_free_form=&#8221;.service-txt-title{||  color:  #000 ;||font-family: Poppins;||font-size: 18px;||font-style: normal;||font-weight: 500;||line-height: 26px; \/* 144.444% *\/||  margin-bottom : 22px;||}&#8221; border_radii=&#8221;on|30px|30px|30px|30px&#8221; border_width_all=&#8221;2px&#8221; border_color_all=&#8221;#f6f6f6&#8243; box_shadow_style=&#8221;preset1&#8243; global_colors_info=&#8221;{}&#8221;]<\/p>\n<div class=\"service-desc-container\"><!-- [et_pb_line_break_holder] -->   <\/p>\n<div class=\"service-txt-title\">\u00a0Assistance et conseil en mati\u00e8re fiscale :<\/div>\n<p><!-- [et_pb_line_break_holder] -->     <\/p>\n<div class=\"service-desc-list\">\n<ul><!-- [et_pb_line_break_holder] -->        <\/p>\n<li>Etablissement de d\u00e9clarations fiscales p\u00e9riodiques<\/li>\n<li>D\u00e9clarations de r\u00e9sultats<\/li>\n<li>Accompagnement du contr\u00f4le fiscal et des contentieux<\/li>\n<\/ul><\/div>\n<\/div>\n<p>[\/et_pb_code][\/et_pb_column][\/et_pb_row][\/et_pb_section]<\/p>\n","protected":false},"excerpt":{"rendered":"<p>Une expertise comptable sur mesure pour accompagner la croissance de votre entrepriseDurant toutes les missions de l\u2019expertise comptable, Bilink s\u2019engage \u00e0 refl\u00e9ter en toutes circonstances les valeurs du cabinet : proactivit\u00e9, pragmatisme et efficacit\u00e9.Votre partenaire de confiance pour une gestion comptable et fiscale compl\u00e8te.Bilink Advisory vous propose une offre globale en comptabilit\u00e9 et fiscalit\u00e9, enti\u00e8rement [&hellip;]<\/p>\n","protected":false},"author":2,"featured_media":3046,"parent":0,"menu_order":0,"comment_status":"closed","ping_status":"closed","template":"","meta":{"_et_pb_use_builder":"on","_et_pb_old_content":"","_et_gb_content_width":"","footnotes":""},"class_list":["post-363","page","type-page","status-publish","has-post-thumbnail","hentry"],"jetpack_sharing_enabled":true,"_links":{"self":[{"href":"https:\/\/www.bilinkadvisory.com\/index.php\/wp-json\/wp\/v2\/pages\/363","targetHints":{"allow":["GET"]}}],"collection":[{"href":"https:\/\/www.bilinkadvisory.com\/index.php\/wp-json\/wp\/v2\/pages"}],"about":[{"href":"https:\/\/www.bilinkadvisory.com\/index.php\/wp-json\/wp\/v2\/types\/page"}],"author":[{"embeddable":true,"href":"https:\/\/www.bilinkadvisory.com\/index.php\/wp-json\/wp\/v2\/users\/2"}],"replies":[{"embeddable":true,"href":"https:\/\/www.bilinkadvisory.com\/index.php\/wp-json\/wp\/v2\/comments?post=363"}],"version-history":[{"count":24,"href":"https:\/\/www.bilinkadvisory.com\/index.php\/wp-json\/wp\/v2\/pages\/363\/revisions"}],"predecessor-version":[{"id":3064,"href":"https:\/\/www.bilinkadvisory.com\/index.php\/wp-json\/wp\/v2\/pages\/363\/revisions\/3064"}],"wp:featuredmedia":[{"embeddable":true,"href":"https:\/\/www.bilinkadvisory.com\/index.php\/wp-json\/wp\/v2\/media\/3046"}],"wp:attachment":[{"href":"https:\/\/www.bilinkadvisory.com\/index.php\/wp-json\/wp\/v2\/media?parent=363"}],"curies":[{"name":"wp","href":"https:\/\/api.w.org\/{rel}","templated":true}]}}