{"id":337,"date":"2024-09-02T20:52:14","date_gmt":"2024-09-02T18:52:14","guid":{"rendered":"https:\/\/www.bilinkadvisory.com\/?page_id=337"},"modified":"2025-08-21T04:19:00","modified_gmt":"2025-08-21T02:19:00","slug":"audit","status":"publish","type":"page","link":"https:\/\/www.bilinkadvisory.com\/index.php\/audit\/","title":{"rendered":"Audit"},"content":{"rendered":"<p>[et_pb_section fb_built=&#8221;1&#8243; fullwidth=&#8221;on&#8221; admin_label=&#8221;Hero Section&#8221; _builder_version=&#8221;4.27.0&#8243; height=&#8221;272px&#8221; global_colors_info=&#8221;{}&#8221;][et_pb_fullwidth_header title=&#8221; &#8221; subhead=&#8221;Audit&#8221; text_orientation=&#8221;center&#8221; background_overlay_color=&#8221;rgba(0,0,0,0.8)&#8221; content_max_width=&#8221;750px&#8221; module_class=&#8221;sub-header-image&#8221; _builder_version=&#8221;4.27.4&#8243; title_font=&#8221;Poppins|700||on|||||&#8221; title_text_color=&#8221;#edbb5f&#8221; title_font_size=&#8221;14px&#8221; title_letter_spacing=&#8221;2px&#8221; title_line_height=&#8221;1.4em&#8221; content_font=&#8221;Poppins||||||||&#8221; content_font_size=&#8221;16px&#8221; content_letter_spacing=&#8221;1px&#8221; content_line_height=&#8221;2em&#8221; subhead_font=&#8221;Inria Serif|700|||||||&#8221; subhead_font_size=&#8221;48px&#8221; subhead_letter_spacing=&#8221;3px&#8221; subhead_line_height=&#8221;1.5em&#8221; background_color=&#8221;rgba(255, 255, 255, 0)&#8221; background_image=&#8221;https:\/\/www.bilinkadvisory.com\/wp-content\/uploads\/2024\/08\/7c916827bfaa7bcb149f733b3e178216-scaled.jpeg&#8221; parallax=&#8221;on&#8221; parallax_method=&#8221;on&#8221; custom_button_one=&#8221;on&#8221; button_one_border_width=&#8221;1px&#8221; button_one_border_color=&#8221;rgba(255,255,255,0.3)&#8221; button_one_border_radius=&#8221;0px&#8221; button_one_letter_spacing=&#8221;1px&#8221; button_one_font=&#8221;Saira Extra Condensed|600||on|||||&#8221; button_one_icon=&#8221;&#x24;||divi||400&#8243; button_one_icon_color=&#8221;#edbb5f&#8221; custom_button_two=&#8221;on&#8221; button_two_border_width=&#8221;1px&#8221; button_two_border_color=&#8221;rgba(255,255,255,0.3)&#8221; button_two_border_radius=&#8221;0px&#8221; button_two_letter_spacing=&#8221;1px&#8221; button_two_font=&#8221;Saira Extra Condensed|600||on|||||&#8221; button_two_icon=&#8221;&#x24;||divi||400&#8243; button_two_icon_color=&#8221;#edbb5f&#8221; module_alignment=&#8221;right&#8221; min_height=&#8221;100px&#8221; height=&#8221;272px&#8221; custom_margin=&#8221;0px||||false|false&#8221; custom_padding=&#8221;64px||101px||false|false&#8221; custom_padding_tablet=&#8221;8%||130px||false|false&#8221; custom_padding_phone=&#8221;11%||82px||false|false&#8221; custom_padding_last_edited=&#8221;on|phone&#8221; subhead_font_size_tablet=&#8221;28px&#8221; subhead_font_size_phone=&#8221;34px&#8221; subhead_font_size_last_edited=&#8221;on|phone&#8221; border_width_bottom_image=&#8221;9px&#8221; border_color_bottom_image=&#8221;#CAAD68&#8243; button_one_text_color_hover=&#8221;#edbb5f&#8221; button_two_text_color_hover=&#8221;#edbb5f&#8221; button_one_bg_color_hover=&#8221;rgba(0,0,0,0)&#8221; button_two_bg_color_hover=&#8221;rgba(0,0,0,0)&#8221; global_colors_info=&#8221;{}&#8221; button_one_text_size__hover_enabled=&#8221;off&#8221; button_two_text_size__hover_enabled=&#8221;off&#8221; button_one_text_color__hover_enabled=&#8221;on&#8221; button_one_text_color__hover=&#8221;#edbb5f&#8221; button_two_text_color__hover_enabled=&#8221;on&#8221; button_two_text_color__hover=&#8221;#edbb5f&#8221; button_one_border_width__hover_enabled=&#8221;off&#8221; button_two_border_width__hover_enabled=&#8221;off&#8221; button_one_border_color__hover_enabled=&#8221;off&#8221; button_two_border_color__hover_enabled=&#8221;off&#8221; button_one_border_radius__hover_enabled=&#8221;off&#8221; button_two_border_radius__hover_enabled=&#8221;off&#8221; button_one_letter_spacing__hover_enabled=&#8221;off&#8221; button_two_letter_spacing__hover_enabled=&#8221;off&#8221; button_one_bg_color__hover_enabled=&#8221;on&#8221; button_one_bg_color__hover=&#8221;rgba(0,0,0,0)&#8221; button_two_bg_color__hover_enabled=&#8221;on&#8221; button_two_bg_color__hover=&#8221;rgba(0,0,0,0)&#8221;][\/et_pb_fullwidth_header][\/et_pb_section][et_pb_section fb_built=&#8221;1&#8243; admin_label=&#8221;Team&#8221; _builder_version=&#8221;4.27.0&#8243; background_color=&#8221;#FFFFFF&#8221; min_height=&#8221;378px&#8221; custom_margin=&#8221;0px||||false|false&#8221; custom_padding=&#8221;60px|0px|17px|0px|false|false&#8221; global_colors_info=&#8221;{}&#8221;][et_pb_row _builder_version=&#8221;4.27.0&#8243; min_height=&#8221;266.5px&#8221; custom_margin=&#8221;|||&#8221; custom_padding=&#8221;|||&#8221; custom_width_px=&#8221;1440px&#8221; global_colors_info=&#8221;{}&#8221;][et_pb_column type=&#8221;4_4&#8243; _builder_version=&#8221;4.16&#8243; custom_padding=&#8221;|||&#8221; global_colors_info=&#8221;{}&#8221; custom_padding__hover=&#8221;|||&#8221;][et_pb_text module_class=&#8221;content-header-txt&#8221; _builder_version=&#8221;4.27.4&#8243; text_font=&#8221;Inria Serif|700|||||||&#8221; text_text_color=&#8221;#000000&#8243; text_font_size=&#8221;17px&#8221; text_letter_spacing=&#8221;2px&#8221; text_line_height=&#8221;2em&#8221; ul_font=&#8221;||||||||&#8221; background_color=&#8221;#FFFFFF&#8221; text_orientation=&#8221;center&#8221; background_layout=&#8221;dark&#8221; custom_margin=&#8221;||13px|||&#8221; custom_padding=&#8221;6px|0px|6px|0px|true|false&#8221; custom_padding_last_edited=&#8221;off|desktop&#8221; animation_style=&#8221;flip&#8221; animation_delay=&#8221;200ms&#8221; custom_css_free_form=&#8221;.content-header-txt{||  color: var(&#8211;Black, #000);||text-align: center;||font-family: %22Inria Serif%22;||font-size: 38px;||font-style: normal;||font-weight: 700;||line-height: normal;||}&#8221; border_color_top=&#8221;#edbb5f&#8221; locked=&#8221;off&#8221; global_colors_info=&#8221;{}&#8221;]<\/p>\n<p>Des audits pr\u00e9cis et des op\u00e9rations ponctuelles pour r\u00e9pondre \u00e0 vos enjeux<\/p>\n<p>&nbsp;<\/p>\n<p>[\/et_pb_text][et_pb_divider color=&#8221;#CAAD68&#8243; divider_position=&#8221;center&#8221; _builder_version=&#8221;4.27.4&#8243; _module_preset=&#8221;default&#8221; max_width=&#8221;160px&#8221; module_alignment=&#8221;center&#8221; custom_margin=&#8221;-76px||||false|false&#8221; global_colors_info=&#8221;{}&#8221;][\/et_pb_divider][et_pb_text module_class=&#8221;content-header-txt-small&#8221; _builder_version=&#8221;4.27.4&#8243; text_font=&#8221;Poppins|600|||||||&#8221; text_text_color=&#8221;#000000&#8243; text_font_size=&#8221;16px&#8221; text_letter_spacing=&#8221;2px&#8221; text_line_height=&#8221;2em&#8221; ul_font=&#8221;||||||||&#8221; background_color=&#8221;#FFFFFF&#8221; text_orientation=&#8221;center&#8221; background_layout=&#8221;dark&#8221; custom_margin=&#8221;-12px||0px||false|false&#8221; custom_padding=&#8221;0px|0px|0px|0px|true|false&#8221; custom_padding_last_edited=&#8221;off|desktop&#8221; animation_style=&#8221;flip&#8221; animation_delay=&#8221;200ms&#8221; custom_css_free_form=&#8221;.content-header-txt-small{||  color:  #555 ;||text-align: center;||font-family: Poppins;||font-size: 16px;||font-style: normal;||font-weight: 400;||line-height: 24px; \/* 150% *\/||}&#8221; border_color_top=&#8221;#edbb5f&#8221; locked=&#8221;off&#8221; global_colors_info=&#8221;{}&#8221;]<\/p>\n<p>\u00c0 chaque \u00e9tape de nos missions de commissariat aux comptes, Bilink Advisory veille \u00e0 incarner ses valeurs essentielles : proactivit\u00e9, pragmatisme et efficacit\u00e9, pour garantir un audit rigoureux et transparent.<\/p>\n<p>&nbsp;<\/p>\n<p>[\/et_pb_text][\/et_pb_column][\/et_pb_row][et_pb_row column_structure=&#8221;1_4,3_4&#8243; module_class=&#8221;service-left-icon-row&#8221; _builder_version=&#8221;4.27.0&#8243; _module_preset=&#8221;default&#8221; custom_css_free_form=&#8221;.service-left-icon-row{|| ||}&#8221; border_radii=&#8221;on|20px|20px|20px|20px&#8221; border_width_all=&#8221;2px&#8221; border_color_all=&#8221;#CAAD68&#8243; global_colors_info=&#8221;{}&#8221;][et_pb_column type=&#8221;1_4&#8243; module_class=&#8221;service-left-icon-col&#8221; _builder_version=&#8221;4.27.0&#8243; _module_preset=&#8221;default&#8221; custom_padding_tablet=&#8221;&#8221; custom_padding_phone=&#8221;&#8221; custom_padding_last_edited=&#8221;on|phone&#8221; custom_css_free_form=&#8221;.service-left-icon-col{||  ||}&#8221; global_colors_info=&#8221;{}&#8221;][et_pb_image src=&#8221;https:\/\/www.bilinkadvisory.com\/wp-content\/uploads\/2024\/09\/Frame-44-2.png&#8221; title_text=&#8221;Frame 44 (2)&#8221; align=&#8221;center&#8221; show_bottom_space_tablet=&#8221;&#8221; show_bottom_space_phone=&#8221;&#8221; show_bottom_space_last_edited=&#8221;on|phone&#8221; module_class=&#8221;service-left-icon&#8221; _builder_version=&#8221;4.27.0&#8243; _module_preset=&#8221;default&#8221; module_alignment=&#8221;center&#8221; height=&#8221;150px&#8221; custom_margin=&#8221;0px||0px||true|true&#8221; custom_css_free_form=&#8221;.service-left-icon{||      width: max-content;||}&#8221; global_colors_info=&#8221;{}&#8221;][\/et_pb_image][\/et_pb_column][et_pb_column type=&#8221;3_4&#8243; _builder_version=&#8221;4.27.0&#8243; _module_preset=&#8221;default&#8221; custom_padding=&#8221;|||20px|false|false&#8221; global_colors_info=&#8221;{}&#8221;][et_pb_text module_class=&#8221;content-header-txt-small&#8221; _builder_version=&#8221;4.27.0&#8243; _module_preset=&#8221;default&#8221; text_font=&#8221;Poppins||||||||&#8221; text_text_color=&#8221;#000000&#8243; text_font_size=&#8221;16px&#8221; text_letter_spacing=&#8221;2px&#8221; text_line_height=&#8221;2em&#8221; ul_font=&#8221;||||||||&#8221; background_color=&#8221;#FFFFFF&#8221; background_layout=&#8221;dark&#8221; custom_margin=&#8221;-12px||0px||false|false&#8221; custom_padding=&#8221;23px|40px|23px|0px|true|false&#8221; animation_style=&#8221;flip&#8221; animation_delay=&#8221;200ms&#8221; custom_css_free_form=&#8221;.content-header-txt-small{ ||   color :#555;||    letter-spacing: 0px;||    font-family: Poppins;||    font-size: 16px;||    font-style: normal;||    font-weight: 400 !important;||    line-height: 24px !important; ||}&#8221; border_color_top=&#8221;#edbb5f&#8221; global_colors_info=&#8221;{}&#8221;]<\/p>\n<p style=\"text-align: left;\"><span>Dans le cadre d\u2019un audit, <strong>le commissaire aux comptes de l\u2019entreprise exprime une opinion sur la r\u00e9gularit\u00e9, la sinc\u00e9rit\u00e9 et l\u2019image fid\u00e8le des comptes contr\u00f4l\u00e9s.<\/strong> Dans le but de r\u00e9pondre \u00e0 cet objectif, Bilink cherche \u00e0 mettre en place <strong>une strat\u00e9gie d\u2019audit<\/strong> qui tient compte de votre secteur d\u2019activit\u00e9, de votre organisation interne, de vos activit\u00e9s et de vos enjeux sp\u00e9cifiques en mati\u00e8re de d\u00e9veloppement. <\/span><\/p>\n<p>[\/et_pb_text][et_pb_text module_class=&#8221;content-header-txt-small&#8221; _builder_version=&#8221;4.27.0&#8243; _module_preset=&#8221;default&#8221; text_font=&#8221;Poppins||||||||&#8221; text_text_color=&#8221;#000000&#8243; text_font_size=&#8221;16px&#8221; text_letter_spacing=&#8221;2px&#8221; text_line_height=&#8221;2em&#8221; ul_font=&#8221;||||||||&#8221; background_color=&#8221;#FFFFFF&#8221; background_layout=&#8221;dark&#8221; custom_margin=&#8221;-12px||0px||false|false&#8221; custom_padding=&#8221;23px|40px|23px|0px|true|false&#8221; animation_style=&#8221;flip&#8221; animation_delay=&#8221;200ms&#8221; custom_css_free_form=&#8221;.content-header-txt-small{ ||   color :#555;||    letter-spacing: 0px;||    font-family: Poppins;||    font-size: 16px;||    font-style: normal;||    font-weight: 400 !important;||    line-height: 24px !important; ||}&#8221; border_color_top=&#8221;#edbb5f&#8221; global_colors_info=&#8221;{}&#8221;]<\/p>\n<p style=\"text-align: left;\"><span><strong>L\u2019audit permet d\u2019apporter du confort aux diff\u00e9rentes parties prenantes<\/strong> de l\u2019entreprise, que ce soit des clients, des fournisseurs, des investisseurs ou encore des salari\u00e9s.<\/span><\/p>\n<p>[\/et_pb_text][\/et_pb_column][\/et_pb_row][et_pb_row _builder_version=&#8221;4.27.0&#8243; _module_preset=&#8221;default&#8221; custom_padding=&#8221;50px|||||&#8221; global_colors_info=&#8221;{}&#8221;][et_pb_column type=&#8221;4_4&#8243; _builder_version=&#8221;4.27.0&#8243; _module_preset=&#8221;default&#8221; global_colors_info=&#8221;{}&#8221;][\/et_pb_column][\/et_pb_row][\/et_pb_section][et_pb_section fb_built=&#8221;1&#8243; admin_label=&#8221;Team&#8221; _builder_version=&#8221;4.27.0&#8243; background_color=&#8221;#FFFFFF&#8221; background_image=&#8221;https:\/\/www.bilinkadvisory.com\/wp-content\/uploads\/2024\/09\/Frame-151.png&#8221; background_size=&#8221;custom&#8221; background_image_width=&#8221;24%&#8221; background_image_height=&#8221;0%&#8221; background_position=&#8221;top_left&#8221; background_horizontal_offset=&#8221;-2%&#8221; background_vertical_offset=&#8221;0%&#8221; min_height=&#8221;378px&#8221; custom_margin=&#8221;0px||||false|false&#8221; custom_padding=&#8221;6px|0px|50px|0px|false|false&#8221; global_colors_info=&#8221;{}&#8221;][et_pb_row column_structure=&#8221;2_5,3_5&#8243; _builder_version=&#8221;4.27.0&#8243; min_height=&#8221;266.5px&#8221; custom_margin=&#8221;|||&#8221; custom_padding=&#8221;|||&#8221; custom_width_px=&#8221;1440px&#8221; global_colors_info=&#8221;{}&#8221;][et_pb_column type=&#8221;2_5&#8243; _builder_version=&#8221;4.16&#8243; custom_padding=&#8221;|||&#8221; global_colors_info=&#8221;{}&#8221; custom_padding__hover=&#8221;|||&#8221;][et_pb_image src=&#8221;https:\/\/www.bilinkadvisory.com\/wp-content\/uploads\/2024\/09\/Frame-33-5.jpg&#8221; title_text=&#8221;Frame 33 (5)&#8221; align=&#8221;center&#8221; _builder_version=&#8221;4.27.0&#8243; _module_preset=&#8221;default&#8221; border_radii=&#8221;on|30px|30px|30px|30px&#8221; global_colors_info=&#8221;{}&#8221;][\/et_pb_image][et_pb_code _builder_version=&#8221;4.27.0&#8243; _module_preset=&#8221;default&#8221; custom_padding=&#8221;30px|30px|30px|30px|true|true&#8221; custom_css_free_form=&#8221;.service-button{||  display: flex;||  height: 38px;||  padding: 8px 16px;||  justify-content: center;||  align-items: center;||  gap: 10px;||  border-radius: 10px;||  border: 1px solid #000;||  background:  #FFF;||  color : #000;|| }||.service-button-block{||  display: flex;||  align-items: flex-start;||  align-content: flex-start;||  gap: 10px;||align-self: stretch;||flex-wrap: wrap;||}||.service-txt{||  color:  #CAAD68 ;||font-family: Poppins;||font-size: 18px;||font-style: normal;||font-weight: 500;||line-height: 26px; \/* 144.444% *\/||    margin-bottom : 30px;||}&#8221; border_radii=&#8221;on|30px|30px|30px|30px&#8221; border_width_all=&#8221;2px&#8221; border_color_all=&#8221;#f6f6f6&#8243; global_colors_info=&#8221;{}&#8221;]<\/p>\n<div class=\"service-desc-container\"><!-- [et_pb_line_break_holder] -->   <\/p>\n<div class=\"service-txt\"><!-- [et_pb_line_break_holder] -->     D\u00e9couvrez nos autres services<!-- [et_pb_line_break_holder] -->  <\/div>\n<p><!-- [et_pb_line_break_holder] -->     <\/p>\n<div class=\"service-button-block\"><!-- [et_pb_line_break_holder] -->      <a href =\"https:\/\/www.bilinkadvisory.com\/index.php\/expertise-comptable\/\" class=\"service-button\" >Expertise comptable<\/a><!-- [et_pb_line_break_holder] -->        <a href=\"https:\/\/www.bilinkadvisory.com\/index.php\/services-conseil-organisation\/\" class=\"service-button\">Conseil &#038; organisation<\/a><!-- [et_pb_line_break_holder] -->  <\/div>\n<p><!-- [et_pb_line_break_holder] -->     <!-- [et_pb_line_break_holder] --><\/div>\n<p>[\/et_pb_code][\/et_pb_column][et_pb_column type=&#8221;3_5&#8243; _builder_version=&#8221;4.27.0&#8243; custom_padding=&#8221;0px|50px|50px|30px|false|false&#8221; custom_padding_tablet=&#8221;0px|50px|50px|30px|false|false&#8221; custom_padding_phone=&#8221;|0px||0px|false|true&#8221; custom_padding_last_edited=&#8221;on|phone&#8221; global_colors_info=&#8221;{}&#8221; custom_padding__hover=&#8221;|||&#8221;][et_pb_text _builder_version=&#8221;4.27.4&#8243; _module_preset=&#8221;default&#8221; text_font=&#8221;&#8211;et_global_heading_font|||||on|||&#8221; text_text_color=&#8221;#000000&#8243; text_font_size=&#8221;28px&#8221; header_font=&#8221;&#8211;et_global_heading_font||||||||&#8221; header_2_font_size=&#8221;31px&#8221; header_2_letter_spacing=&#8221;64px&#8221; header_2_line_height=&#8221;1.9em&#8221; text_orientation=&#8221;center&#8221; hover_enabled=&#8221;0&#8243; global_colors_info=&#8221;{}&#8221; sticky_enabled=&#8221;0&#8243;]<\/p>\n<p>Nos Services en Audit &amp; Commissariat aux Comptes<\/p>\n<p>[\/et_pb_text][et_pb_code module_class=&#8221;service-desc-title&#8221; _builder_version=&#8221;4.27.0&#8243; _module_preset=&#8221;default&#8221; custom_padding=&#8221;25px|30px|0px|30px|false|true&#8221; custom_css_free_form=&#8221;.service-txt-title{||  color:  #000 ;||font-family: Poppins;||font-size: 18px;||font-style: normal;||font-weight: 500;||line-height: 26px; \/* 144.444% *\/||  margin-bottom : 22px;||}&#8221; border_radii=&#8221;on|30px|30px|30px|30px&#8221; border_width_all=&#8221;2px&#8221; border_color_all=&#8221;#f6f6f6&#8243; box_shadow_style=&#8221;preset1&#8243; global_colors_info=&#8221;{}&#8221;]<\/p>\n<div class=\"service-desc-container\"><!-- [et_pb_line_break_holder] -->   <\/p>\n<div class=\"service-txt-title\">Audit l\u00e9gal<\/div>\n<div class=\"service-desc-content\">La certification des comptes statutaires en norme fran\u00e7aise ou<!-- [et_pb_line_break_holder] -->des comptes consolid\u00e9s en normes fran\u00e7aises ou IFRS permet de donner un niveau d\u2019assurance aux investisseurs actuels et futurs.\u00a0<\/div>\n<p><!-- [et_pb_line_break_holder] --><\/div>\n<p>[\/et_pb_code][et_pb_code module_class=&#8221;service-desc-title&#8221; _builder_version=&#8221;4.27.0&#8243; _module_preset=&#8221;default&#8221; custom_padding=&#8221;25px|30px|0px|30px|false|true&#8221; custom_css_free_form=&#8221;.service-txt-title{||  color:  #000 ;||font-family: Poppins;||font-size: 18px;||font-style: normal;||font-weight: 500;||line-height: 26px; \/* 144.444% *\/||  margin-bottom : 22px;||}&#8221; border_radii=&#8221;on|30px|30px|30px|30px&#8221; border_width_all=&#8221;2px&#8221; border_color_all=&#8221;#f6f6f6&#8243; box_shadow_style=&#8221;preset1&#8243; global_colors_info=&#8221;{}&#8221;]<\/p>\n<div class=\"service-desc-container\"><!-- [et_pb_line_break_holder] -->   <\/p>\n<div class=\"service-txt-title\">Audit contractuel<\/div>\n<div class=\"service-desc-content\">Une intervention ponctuelle peut \u00eatre envisag\u00e9e lorsqu\u2019un<!-- [et_pb_line_break_holder] -->besoin ponctuel se manifeste, notamment dans un contexte de transaction.<!-- [et_pb_line_break_holder] -->Bilink vous propose un accompagnement personnalis\u00e9 et r\u00e9actif pour<!-- [et_pb_line_break_holder] -->r\u00e9pondre aux d\u00e9lais impartis en fonction du contexte d\u2019intervention.<\/div>\n<p><!-- [et_pb_line_break_holder] --><\/div>\n<p>[\/et_pb_code][et_pb_code module_class=&#8221;service-desc-title&#8221; _builder_version=&#8221;4.27.0&#8243; _module_preset=&#8221;default&#8221; custom_padding=&#8221;25px|30px|0px|30px|false|true&#8221; custom_css_free_form=&#8221;.service-txt-title{||  color:  #000 ;||font-family: Poppins;||font-size: 18px;||font-style: normal;||font-weight: 500;||line-height: 26px; \/* 144.444% *\/||  margin-bottom : 22px;||}&#8221; border_radii=&#8221;on|30px|30px|30px|30px&#8221; border_width_all=&#8221;2px&#8221; border_color_all=&#8221;#f6f6f6&#8243; box_shadow_style=&#8221;preset1&#8243; global_colors_info=&#8221;{}&#8221;]<\/p>\n<div class=\"service-desc-container\"><!-- [et_pb_line_break_holder] -->   <\/p>\n<div class=\"service-txt-title\">Attestations selon les circonstances<\/div>\n<div class=\"service-desc-content\">En raison des contraintes<!-- [et_pb_line_break_holder] -->op\u00e9rationnelles, l\u2019entreprise peut avoir des besoins ponctuels ou r\u00e9currents<!-- [et_pb_line_break_holder] -->de certaines informations comptables pour communiquer avec les<!-- [et_pb_line_break_holder] -->partenaires. Notre efficacit\u00e9 permet de r\u00e9pondre aux demandes vari\u00e9es.<\/div>\n<p><!-- [et_pb_line_break_holder] --><\/div>\n<p>[\/et_pb_code][et_pb_code module_class=&#8221;service-desc-title&#8221; _builder_version=&#8221;4.27.0&#8243; _module_preset=&#8221;default&#8221; custom_padding=&#8221;25px|30px|0px|30px|false|true&#8221; custom_css_free_form=&#8221;.service-txt-title{||  color:  #000 ;||font-family: Poppins;||font-size: 18px;||font-style: normal;||font-weight: 500;||line-height: 26px; \/* 144.444% *\/||  margin-bottom : 22px;||}&#8221; border_radii=&#8221;on|30px|30px|30px|30px&#8221; border_width_all=&#8221;2px&#8221; border_color_all=&#8221;#f6f6f6&#8243; box_shadow_style=&#8221;preset1&#8243; global_colors_info=&#8221;{}&#8221;]<\/p>\n<div class=\"service-desc-container\"><!-- [et_pb_line_break_holder] -->   <\/p>\n<div class=\"service-txt-title\">Commissaire aux apports (CAA)<\/div>\n<div class=\"service-desc-content\">Lors d\u2019une transaction, des actifs ou les<!-- [et_pb_line_break_holder] -->titres d\u2019une soci\u00e9t\u00e9 peuvent \u00eatre apport\u00e9s dans une autre soci\u00e9t\u00e9. Bilink peut<!-- [et_pb_line_break_holder] -->donner une assurance compl\u00e9mentaire sur la qualit\u00e9 de l\u2019\u00e9valuation effectu\u00e9e par<!-- [et_pb_line_break_holder] -->l\u2019entreprise ou un expert.\u00a0<\/div>\n<p><!-- [et_pb_line_break_holder] --><\/div>\n<p>[\/et_pb_code][et_pb_code module_class=&#8221;service-desc-title&#8221; _builder_version=&#8221;4.27.0&#8243; _module_preset=&#8221;default&#8221; custom_padding=&#8221;25px|30px|0px|30px|false|true&#8221; custom_css_free_form=&#8221;.service-txt-title{||  color:  #000 ;||font-family: Poppins;||font-size: 18px;||font-style: normal;||font-weight: 500;||line-height: 26px; \/* 144.444% *\/||  margin-bottom : 22px;||}&#8221; border_radii=&#8221;on|30px|30px|30px|30px&#8221; border_width_all=&#8221;2px&#8221; border_color_all=&#8221;#f6f6f6&#8243; box_shadow_style=&#8221;preset1&#8243; global_colors_info=&#8221;{}&#8221;]<\/p>\n<div class=\"service-desc-container\"><!-- [et_pb_line_break_holder] -->   <\/p>\n<div class=\"service-txt-title\">Commissaire \u00e0 la transformation (CAT)<\/div>\n<div class=\"service-desc-content\">La transformation de la forme<!-- [et_pb_line_break_holder] -->juridique d\u2019une soci\u00e9t\u00e9 doit respecter certaines conditions, notamment que les<!-- [et_pb_line_break_holder] -->capitaux propres soient au moins \u00e9gaux au montant du capital social. Nous<!-- [et_pb_line_break_holder] -->appr\u00e9cions la situation de la soci\u00e9t\u00e9 &#8211; dont la valeur des biens de la soci\u00e9t\u00e9<!-- [et_pb_line_break_holder] -->&#8211; pour \u00e9tablir le rapport.<\/div>\n<p><!-- [et_pb_line_break_holder] --><\/div>\n<p>[\/et_pb_code][et_pb_code module_class=&#8221;service-desc-title&#8221; _builder_version=&#8221;4.27.0&#8243; _module_preset=&#8221;default&#8221; custom_padding=&#8221;25px|30px|0px|30px|false|true&#8221; custom_css_free_form=&#8221;.service-txt-title{||  color:  #000 ;||font-family: Poppins;||font-size: 18px;||font-style: normal;||font-weight: 500;||line-height: 26px; \/* 144.444% *\/||  margin-bottom : 22px;||}&#8221; border_radii=&#8221;on|30px|30px|30px|30px&#8221; border_width_all=&#8221;2px&#8221; border_color_all=&#8221;#f6f6f6&#8243; box_shadow_style=&#8221;preset1&#8243; global_colors_info=&#8221;{}&#8221;]<\/p>\n<div class=\"service-desc-container\"><!-- [et_pb_line_break_holder] -->   <\/p>\n<div class=\"service-txt-title\">Commissaire \u00e0 la fusion (CAF)<\/div>\n<div class=\"service-desc-content\">Lors de la fusion, les \u00e9l\u00e9ments d\u2019\u00e9valuation,<!-- [et_pb_line_break_holder] -->ainsi que le rapport d\u2019\u00e9change sont appr\u00e9ci\u00e9s afin de prononcer sur<!-- [et_pb_line_break_holder] -->l\u2019op\u00e9ration.<\/div>\n<p><!-- [et_pb_line_break_holder] --><\/div>\n<p>[\/et_pb_code][et_pb_code module_class=&#8221;service-desc-title&#8221; _builder_version=&#8221;4.27.0&#8243; _module_preset=&#8221;default&#8221; custom_padding=&#8221;25px|30px|0px|30px|false|true&#8221; custom_css_free_form=&#8221;.service-txt-title{||  color:  #000 ;||font-family: Poppins;||font-size: 18px;||font-style: normal;||font-weight: 500;||line-height: 26px; \/* 144.444% *\/||  margin-bottom : 22px;||}&#8221; border_radii=&#8221;on|30px|30px|30px|30px&#8221; border_width_all=&#8221;2px&#8221; border_color_all=&#8221;#f6f6f6&#8243; box_shadow_style=&#8221;preset1&#8243; global_colors_info=&#8221;{}&#8221;]<\/p>\n<div class=\"service-desc-container\"><!-- [et_pb_line_break_holder] -->   <\/p>\n<div class=\"service-txt-title\">Commissaire aux avantages particuliers (CAP)<\/div>\n<div class=\"service-desc-content\">L\u2019examen des avantages<!-- [et_pb_line_break_holder] -->accord\u00e9s en diff\u00e9rentes phases de la vie de la soci\u00e9t\u00e9. L\u2019avantage particulier<!-- [et_pb_line_break_holder] -->peut prendre des formes diff\u00e9rentes : financi\u00e8re, politique, l\u2019\u00e9mission d\u2019actions<!-- [et_pb_line_break_holder] -->de pr\u00e9f\u00e9rence au profit de certains associ\u00e9s.<\/div>\n<p><!-- [et_pb_line_break_holder] --><\/div>\n<p>[\/et_pb_code][\/et_pb_column][\/et_pb_row][\/et_pb_section]<\/p>\n","protected":false},"excerpt":{"rendered":"<p>Des audits pr\u00e9cis et des op\u00e9rations ponctuelles pour r\u00e9pondre \u00e0 vos enjeux &nbsp;\u00c0 chaque \u00e9tape de nos missions de commissariat aux comptes, Bilink Advisory veille \u00e0 incarner ses valeurs essentielles : proactivit\u00e9, pragmatisme et efficacit\u00e9, pour garantir un audit rigoureux et transparent. &nbsp;Dans le cadre d\u2019un audit, le commissaire aux comptes de l\u2019entreprise exprime une [&hellip;]<\/p>\n","protected":false},"author":2,"featured_media":3022,"parent":0,"menu_order":0,"comment_status":"closed","ping_status":"closed","template":"","meta":{"_et_pb_use_builder":"on","_et_pb_old_content":"","_et_gb_content_width":"","footnotes":""},"class_list":["post-337","page","type-page","status-publish","has-post-thumbnail","hentry"],"jetpack_sharing_enabled":true,"_links":{"self":[{"href":"https:\/\/www.bilinkadvisory.com\/index.php\/wp-json\/wp\/v2\/pages\/337","targetHints":{"allow":["GET"]}}],"collection":[{"href":"https:\/\/www.bilinkadvisory.com\/index.php\/wp-json\/wp\/v2\/pages"}],"about":[{"href":"https:\/\/www.bilinkadvisory.com\/index.php\/wp-json\/wp\/v2\/types\/page"}],"author":[{"embeddable":true,"href":"https:\/\/www.bilinkadvisory.com\/index.php\/wp-json\/wp\/v2\/users\/2"}],"replies":[{"embeddable":true,"href":"https:\/\/www.bilinkadvisory.com\/index.php\/wp-json\/wp\/v2\/comments?post=337"}],"version-history":[{"count":37,"href":"https:\/\/www.bilinkadvisory.com\/index.php\/wp-json\/wp\/v2\/pages\/337\/revisions"}],"predecessor-version":[{"id":3092,"href":"https:\/\/www.bilinkadvisory.com\/index.php\/wp-json\/wp\/v2\/pages\/337\/revisions\/3092"}],"wp:featuredmedia":[{"embeddable":true,"href":"https:\/\/www.bilinkadvisory.com\/index.php\/wp-json\/wp\/v2\/media\/3022"}],"wp:attachment":[{"href":"https:\/\/www.bilinkadvisory.com\/index.php\/wp-json\/wp\/v2\/media?parent=337"}],"curies":[{"name":"wp","href":"https:\/\/api.w.org\/{rel}","templated":true}]}}