{"id":227,"date":"2024-09-01T22:00:15","date_gmt":"2024-09-01T20:00:15","guid":{"rendered":"https:\/\/www.bilinkadvisory.com\/?page_id=227"},"modified":"2025-07-24T15:39:30","modified_gmt":"2025-07-24T13:39:30","slug":"services-conseil-organisation","status":"publish","type":"page","link":"https:\/\/www.bilinkadvisory.com\/index.php\/services-conseil-organisation\/","title":{"rendered":"Services Conseil et Organisation"},"content":{"rendered":"<p>[et_pb_section fb_built=&#8221;1&#8243; fullwidth=&#8221;on&#8221; admin_label=&#8221;Hero Section&#8221; _builder_version=&#8221;4.27.0&#8243; height=&#8221;272px&#8221; global_colors_info=&#8221;{}&#8221;][et_pb_fullwidth_header subhead=&#8221;Conseil &#038; Organisation&#8221; text_orientation=&#8221;center&#8221; background_overlay_color=&#8221;rgba(0,0,0,0.8)&#8221; content_max_width=&#8221;750px&#8221; module_class=&#8221;sub-header-image&#8221; _builder_version=&#8221;4.27.4&#8243; title_font=&#8221;Poppins|700||on|||||&#8221; title_text_color=&#8221;#edbb5f&#8221; title_font_size=&#8221;14px&#8221; title_letter_spacing=&#8221;2px&#8221; title_line_height=&#8221;1.4em&#8221; content_font=&#8221;Poppins||||||||&#8221; content_font_size=&#8221;16px&#8221; content_letter_spacing=&#8221;1px&#8221; content_line_height=&#8221;2em&#8221; subhead_font=&#8221;Inria Serif|700|||||||&#8221; subhead_font_size=&#8221;48px&#8221; subhead_letter_spacing=&#8221;3px&#8221; subhead_line_height=&#8221;1.5em&#8221; background_color=&#8221;rgba(255, 255, 255, 0)&#8221; background_image=&#8221;https:\/\/www.bilinkadvisory.com\/wp-content\/uploads\/2024\/08\/7c916827bfaa7bcb149f733b3e178216-scaled.jpeg&#8221; parallax=&#8221;on&#8221; parallax_method=&#8221;on&#8221; custom_button_one=&#8221;on&#8221; button_one_border_width=&#8221;1px&#8221; button_one_border_color=&#8221;rgba(255,255,255,0.3)&#8221; button_one_border_radius=&#8221;0px&#8221; button_one_letter_spacing=&#8221;1px&#8221; button_one_font=&#8221;Saira Extra Condensed|600||on|||||&#8221; button_one_icon=&#8221;&#x24;||divi||400&#8243; button_one_icon_color=&#8221;#edbb5f&#8221; custom_button_two=&#8221;on&#8221; button_two_border_width=&#8221;1px&#8221; button_two_border_color=&#8221;rgba(255,255,255,0.3)&#8221; button_two_border_radius=&#8221;0px&#8221; button_two_letter_spacing=&#8221;1px&#8221; button_two_font=&#8221;Saira Extra Condensed|600||on|||||&#8221; button_two_icon=&#8221;&#x24;||divi||400&#8243; button_two_icon_color=&#8221;#edbb5f&#8221; module_alignment=&#8221;right&#8221; min_height=&#8221;100px&#8221; height=&#8221;272px&#8221; custom_margin=&#8221;0px||||false|false&#8221; custom_padding=&#8221;64px||101px||false|false&#8221; custom_padding_tablet=&#8221;8%||130px||false|false&#8221; custom_padding_phone=&#8221;11%||82px||false|false&#8221; custom_padding_last_edited=&#8221;on|phone&#8221; subhead_font_size_tablet=&#8221;28px&#8221; subhead_font_size_phone=&#8221;34px&#8221; subhead_font_size_last_edited=&#8221;on|phone&#8221; border_width_bottom_image=&#8221;9px&#8221; border_color_bottom_image=&#8221;#CAAD68&#8243; button_one_text_color_hover=&#8221;#edbb5f&#8221; button_two_text_color_hover=&#8221;#edbb5f&#8221; button_one_bg_color_hover=&#8221;rgba(0,0,0,0)&#8221; button_two_bg_color_hover=&#8221;rgba(0,0,0,0)&#8221; global_colors_info=&#8221;{}&#8221; button_one_text_size__hover_enabled=&#8221;off&#8221; button_two_text_size__hover_enabled=&#8221;off&#8221; button_one_text_color__hover_enabled=&#8221;on&#8221; button_one_text_color__hover=&#8221;#edbb5f&#8221; button_two_text_color__hover_enabled=&#8221;on&#8221; button_two_text_color__hover=&#8221;#edbb5f&#8221; button_one_border_width__hover_enabled=&#8221;off&#8221; button_two_border_width__hover_enabled=&#8221;off&#8221; button_one_border_color__hover_enabled=&#8221;off&#8221; button_two_border_color__hover_enabled=&#8221;off&#8221; button_one_border_radius__hover_enabled=&#8221;off&#8221; button_two_border_radius__hover_enabled=&#8221;off&#8221; button_one_letter_spacing__hover_enabled=&#8221;off&#8221; button_two_letter_spacing__hover_enabled=&#8221;off&#8221; button_one_bg_color__hover_enabled=&#8221;on&#8221; button_one_bg_color__hover=&#8221;rgba(0,0,0,0)&#8221; button_two_bg_color__hover_enabled=&#8221;on&#8221; button_two_bg_color__hover=&#8221;rgba(0,0,0,0)&#8221;][\/et_pb_fullwidth_header][\/et_pb_section][et_pb_section fb_built=&#8221;1&#8243; admin_label=&#8221;Team&#8221; _builder_version=&#8221;4.27.0&#8243; background_color=&#8221;#FFFFFF&#8221; min_height=&#8221;378px&#8221; custom_margin=&#8221;0px||||false|false&#8221; custom_padding=&#8221;60px|0px|50px|0px|false|false&#8221; global_colors_info=&#8221;{}&#8221;][et_pb_row _builder_version=&#8221;4.27.0&#8243; min_height=&#8221;266.5px&#8221; custom_margin=&#8221;|||&#8221; custom_padding=&#8221;|||&#8221; custom_width_px=&#8221;1440px&#8221; global_colors_info=&#8221;{}&#8221;][et_pb_column type=&#8221;4_4&#8243; _builder_version=&#8221;4.16&#8243; custom_padding=&#8221;|||&#8221; global_colors_info=&#8221;{}&#8221; custom_padding__hover=&#8221;|||&#8221;][et_pb_text module_class=&#8221;content-header-txt&#8221; _builder_version=&#8221;4.27.4&#8243; text_font=&#8221;Inria Serif|700|||||||&#8221; text_text_color=&#8221;#000000&#8243; text_font_size=&#8221;17px&#8221; text_letter_spacing=&#8221;2px&#8221; ul_font=&#8221;||||||||&#8221; background_color=&#8221;#FFFFFF&#8221; text_orientation=&#8221;center&#8221; background_layout=&#8221;dark&#8221; custom_margin=&#8221;||13px|||&#8221; custom_padding=&#8221;0px|0px|0px|0px|true|false&#8221; custom_padding_last_edited=&#8221;off|desktop&#8221; animation_style=&#8221;flip&#8221; animation_delay=&#8221;200ms&#8221; custom_css_free_form=&#8221;.content-header-txt{||  color: var(&#8211;Black, #000);||text-align: center;||font-family: %22Inria Serif%22;||font-size: 38px;||font-style: normal;||font-weight: 700;||line-height: normal;||}&#8221; border_color_top=&#8221;#edbb5f&#8221; locked=&#8221;off&#8221; global_colors_info=&#8221;{}&#8221;]<\/p>\n<p>Notre expertise en conseil pour optimiser votre organisation<\/p>\n<p>&nbsp;<\/p>\n<p>[\/et_pb_text][et_pb_divider color=&#8221;#CAAD68&#8243; divider_position=&#8221;center&#8221; _builder_version=&#8221;4.27.4&#8243; _module_preset=&#8221;default&#8221; max_width=&#8221;160px&#8221; module_alignment=&#8221;center&#8221; custom_margin=&#8221;-69px||||false|false&#8221; global_colors_info=&#8221;{}&#8221;][\/et_pb_divider][et_pb_text module_class=&#8221;content-header-txt-small&#8221; _builder_version=&#8221;4.27.4&#8243; text_font=&#8221;Poppins|600|||||||&#8221; text_text_color=&#8221;#000000&#8243; text_font_size=&#8221;16px&#8221; text_letter_spacing=&#8221;2px&#8221; text_line_height=&#8221;2em&#8221; ul_font=&#8221;||||||||&#8221; background_color=&#8221;#FFFFFF&#8221; text_orientation=&#8221;center&#8221; background_layout=&#8221;dark&#8221; custom_margin=&#8221;-12px||0px||false|false&#8221; custom_padding=&#8221;0px|0px|0px|0px|true|false&#8221; custom_padding_last_edited=&#8221;off|desktop&#8221; animation_style=&#8221;flip&#8221; animation_delay=&#8221;200ms&#8221; custom_css_free_form=&#8221;.content-header-txt-small{||  color:  #555 ;||text-align: center;||font-family: Poppins;||font-size: 16px;||font-style: normal;||font-weight: 400;||line-height: 24px; \/* 150% *\/||}&#8221; border_color_top=&#8221;#edbb5f&#8221; locked=&#8221;off&#8221; global_colors_info=&#8221;{}&#8221;]<\/p>\n<p>Tout au long de nos missions de conseil et d\u2019organisation, Bilink Advisory s\u2019engage \u00e0 incarner ses valeurs fondamentales : proactivit\u00e9, pragmatisme et efficacit\u00e9, au service de la performance de votre entreprise.<\/p>\n<p>&nbsp;<\/p>\n<p>[\/et_pb_text][\/et_pb_column][\/et_pb_row][et_pb_row column_structure=&#8221;1_4,3_4&#8243; module_class=&#8221;service-left-icon-row&#8221; _builder_version=&#8221;4.27.0&#8243; _module_preset=&#8221;default&#8221; custom_css_free_form=&#8221;.service-left-icon-row{|| ||}&#8221; border_radii=&#8221;on|20px|20px|20px|20px&#8221; border_width_all=&#8221;2px&#8221; border_color_all=&#8221;#CAAD68&#8243; global_colors_info=&#8221;{}&#8221;][et_pb_column type=&#8221;1_4&#8243; module_class=&#8221;service-left-icon-col&#8221; _builder_version=&#8221;4.27.0&#8243; _module_preset=&#8221;default&#8221; custom_css_free_form=&#8221;.service-left-icon-col{||  ||}&#8221; global_colors_info=&#8221;{}&#8221;][et_pb_image src=&#8221;https:\/\/www.bilinkadvisory.com\/wp-content\/uploads\/2024\/09\/Frame-44.png&#8221; title_text=&#8221;Frame 44&#8243; align=&#8221;center&#8221; module_class=&#8221;service-left-icon&#8221; _builder_version=&#8221;4.27.0&#8243; _module_preset=&#8221;default&#8221; module_alignment=&#8221;center&#8221; height=&#8221;150px&#8221; custom_margin=&#8221;46px||46px||true|true&#8221; custom_margin_tablet=&#8221;46px||46px||true|true&#8221; custom_margin_phone=&#8221;0px||0px||true|true&#8221; custom_margin_last_edited=&#8221;on|phone&#8221; custom_css_free_form=&#8221;.service-left-icon{||      width: max-content;||}&#8221; global_colors_info=&#8221;{}&#8221;][\/et_pb_image][\/et_pb_column][et_pb_column type=&#8221;3_4&#8243; _builder_version=&#8221;4.27.0&#8243; _module_preset=&#8221;default&#8221; custom_padding=&#8221;|||20px|false|false&#8221; global_colors_info=&#8221;{}&#8221;][et_pb_text module_class=&#8221;content-header-txt-small&#8221; _builder_version=&#8221;4.27.4&#8243; _module_preset=&#8221;default&#8221; text_font=&#8221;Poppins||||||||&#8221; text_text_color=&#8221;#000000&#8243; text_font_size=&#8221;16px&#8221; text_letter_spacing=&#8221;2px&#8221; text_line_height=&#8221;2em&#8221; ul_font=&#8221;||||||||&#8221; background_color=&#8221;#FFFFFF&#8221; background_layout=&#8221;dark&#8221; custom_margin=&#8221;-12px||0px||false|false&#8221; custom_padding=&#8221;23px|40px|23px|0px|true|false&#8221; animation_style=&#8221;flip&#8221; animation_delay=&#8221;200ms&#8221; custom_css_free_form=&#8221;.content-header-txt-small{ ||   color :#555;||    letter-spacing: 0px;||    font-family: Poppins;||    font-size: 16px;||    font-style: normal;||    font-weight: 400 !important;||    line-height: 24px !important; ||}&#8221; border_color_top=&#8221;#edbb5f&#8221; global_colors_info=&#8221;{}&#8221;]<\/p>\n<p>Bilink Advisory propose une large gamme de services comptables, fiscaux et de conseil pour accompagner la croissance de votre entreprise. Gr\u00e2ce \u00e0 notre expertise pluridisciplinaire, nous vous apportons des solutions concr\u00e8tes et adapt\u00e9es aux d\u00e9fis que vous rencontrez tout au long de la vie de votre soci\u00e9t\u00e9.<\/p>\n<p>[\/et_pb_text][et_pb_text module_class=&#8221;content-header-txt-small&#8221; _builder_version=&#8221;4.27.4&#8243; _module_preset=&#8221;default&#8221; text_font=&#8221;Poppins||||||||&#8221; text_text_color=&#8221;#000000&#8243; text_font_size=&#8221;16px&#8221; text_letter_spacing=&#8221;2px&#8221; text_line_height=&#8221;2em&#8221; ul_font=&#8221;||||||||&#8221; background_color=&#8221;#FFFFFF&#8221; background_layout=&#8221;dark&#8221; custom_margin=&#8221;-12px||0px||false|false&#8221; custom_padding=&#8221;23px|40px|23px|0px|true|false&#8221; animation_style=&#8221;flip&#8221; animation_delay=&#8221;200ms&#8221; custom_css_free_form=&#8221;.content-header-txt-small{ ||   color :#555;||    letter-spacing: 0px;||    font-family: Poppins;||    font-size: 16px;||    font-style: normal;||    font-weight: 400 !important;||    line-height: 24px !important; ||}&#8221; border_color_top=&#8221;#edbb5f&#8221; global_colors_info=&#8221;{}&#8221;]<\/p>\n<p style=\"text-align: left;\">Selon les besoins sp\u00e9cifiques de votre entreprise et la nature de l\u2019op\u00e9ration, Bilink Advisory mobilise une \u00e9quipe d\u00e9di\u00e9e et exp\u00e9riment\u00e9e. En fonction des enjeux, nous faisons appel \u00e0 des experts sp\u00e9cialis\u00e9s : avocat en droit des affaires, fiscaliste, notaire, traducteur asserment\u00e9, ou encore conseiller en gestion de patrimoine pour s\u00e9curiser chaque \u00e9tape de votre projet et en faciliter la mise en \u0153uvre.<\/p>\n<p>[\/et_pb_text][\/et_pb_column][\/et_pb_row][\/et_pb_section][et_pb_section fb_built=&#8221;1&#8243; admin_label=&#8221;Team&#8221; _builder_version=&#8221;4.27.0&#8243; background_color=&#8221;#FFFFFF&#8221; background_image=&#8221;https:\/\/www.bilinkadvisory.com\/wp-content\/uploads\/2024\/09\/Frame-151.png&#8221; background_size=&#8221;custom&#8221; background_image_width=&#8221;24%&#8221; background_image_height=&#8221;0%&#8221; background_position=&#8221;top_left&#8221; background_horizontal_offset=&#8221;-2%&#8221; background_vertical_offset=&#8221;0%&#8221; min_height=&#8221;378px&#8221; custom_margin=&#8221;0px||||false|false&#8221; custom_padding=&#8221;6px|0px|50px|0px|false|false&#8221; global_colors_info=&#8221;{}&#8221;][et_pb_row column_structure=&#8221;2_5,3_5&#8243; _builder_version=&#8221;4.27.0&#8243; min_height=&#8221;266.5px&#8221; custom_margin=&#8221;|||&#8221; custom_padding=&#8221;|||&#8221; custom_width_px=&#8221;1440px&#8221; global_colors_info=&#8221;{}&#8221;][et_pb_column type=&#8221;2_5&#8243; _builder_version=&#8221;4.16&#8243; custom_padding=&#8221;|||&#8221; global_colors_info=&#8221;{}&#8221; custom_padding__hover=&#8221;|||&#8221;][et_pb_image src=&#8221;https:\/\/www.bilinkadvisory.com\/wp-content\/uploads\/2024\/09\/Frame-120.jpg&#8221; title_text=&#8221;Frame 120&#8243; align=&#8221;center&#8221; _builder_version=&#8221;4.27.0&#8243; _module_preset=&#8221;default&#8221; border_radii=&#8221;on|30px|30px|30px|30px&#8221; global_colors_info=&#8221;{}&#8221;][\/et_pb_image][et_pb_code _builder_version=&#8221;4.27.0&#8243; _module_preset=&#8221;default&#8221; custom_padding=&#8221;30px|30px|30px|30px|true|true&#8221; custom_css_free_form=&#8221;.service-button{||  display: flex;||  height: 38px;||  padding: 8px 16px;||  justify-content: center;||  align-items: center;||  gap: 10px;||  border-radius: 10px;||  border: 1px solid #000;||  background:  #FFF;||  color: #000|| }||.service-button-block{||  display: flex;||  align-items: flex-start;||  align-content: flex-start;||  gap: 10px;||align-self: stretch;||flex-wrap: wrap;||}||.service-txt{||  color:  #CAAD68 ;||font-family: Poppins;||font-size: 18px;||font-style: normal;||font-weight: 500;||line-height: 26px; \/* 144.444% *\/||    margin-bottom : 30px;||}&#8221; border_radii=&#8221;on|30px|30px|30px|30px&#8221; border_width_all=&#8221;2px&#8221; border_color_all=&#8221;#f6f6f6&#8243; global_colors_info=&#8221;{}&#8221;]<\/p>\n<div class=\"service-desc-container\"><!-- [et_pb_line_break_holder] -->   <\/p>\n<div class=\"service-txt\"><!-- [et_pb_line_break_holder] -->     D\u00e9couvrez nos autres services<!-- [et_pb_line_break_holder] -->  <\/div>\n<p><!-- [et_pb_line_break_holder] -->     <\/p>\n<div class=\"service-button-block\"><!-- [et_pb_line_break_holder] -->      <a href=\"https:\/\/www.bilinkadvisory.com\/index.php\/expertise-comptable\/\" class=\"service-button\" >Expertise comptable<\/a>\u00a0<a href=\"https:\/\/www.bilinkadvisory.com\/index.php\/audit\/\" class=\"service-button\" >\u00a0Audit\u00a0<\/a>\u00a0\u00a0<!-- [et_pb_line_break_holder] -->  <\/div>\n<p><!-- [et_pb_line_break_holder] --><\/div>\n<p>[\/et_pb_code][\/et_pb_column][et_pb_column type=&#8221;3_5&#8243; _builder_version=&#8221;4.27.0&#8243; custom_padding=&#8221;0px|50px|50px|30px|false|false&#8221; custom_padding_tablet=&#8221;0px|50px|50px|30px|false|false&#8221; custom_padding_phone=&#8221;|0px||0px|false|true&#8221; custom_padding_last_edited=&#8221;on|phone&#8221; global_colors_info=&#8221;{}&#8221; custom_padding__hover=&#8221;|||&#8221;][et_pb_text _builder_version=&#8221;4.27.4&#8243; _module_preset=&#8221;default&#8221; text_font=&#8221;&#8211;et_global_heading_font|||||on|||&#8221; text_text_color=&#8221;#000000&#8243; text_font_size=&#8221;28px&#8221; header_font=&#8221;&#8211;et_global_heading_font||||||||&#8221; header_2_font_size=&#8221;31px&#8221; header_2_letter_spacing=&#8221;64px&#8221; header_2_line_height=&#8221;1.9em&#8221; text_orientation=&#8221;center&#8221; global_colors_info=&#8221;{}&#8221;]<\/p>\n<p>Nos Services en Conseil &amp; Organisation<\/p>\n<p>[\/et_pb_text][et_pb_code module_class=&#8221;service-desc-title&#8221; _builder_version=&#8221;4.27.0&#8243; _module_preset=&#8221;default&#8221; custom_padding=&#8221;25px|30px|0px|30px|false|true&#8221; custom_css_free_form=&#8221;.service-txt-title{||  color:  #000 ;||font-family: Poppins;||font-size: 18px;||font-style: normal;||font-weight: 500;||line-height: 26px; \/* 144.444% *\/||  margin-bottom : 22px;||}&#8221; border_radii=&#8221;on|30px|30px|30px|30px&#8221; border_width_all=&#8221;2px&#8221; border_color_all=&#8221;#f6f6f6&#8243; box_shadow_style=&#8221;preset1&#8243; global_colors_info=&#8221;{}&#8221;]<\/p>\n<div class=\"service-desc-container\"><!-- [et_pb_line_break_holder] -->   <\/p>\n<div class=\"service-txt-title\">\u00a0Assistance et conseil en gestion :<\/div>\n<p><!-- [et_pb_line_break_holder] -->     <\/p>\n<div class=\"service-desc-list\">\n<ul><!-- [et_pb_line_break_holder] -->        <\/p>\n<li>Etablissement du business plan<\/li>\n<p><!-- [et_pb_line_break_holder] -->        <\/p>\n<li>Organisation d\u2019une comptabilit\u00e9 analytique<\/li>\n<p><!-- [et_pb_line_break_holder] -->        <\/p>\n<li>Analyse des co\u00fbts de revient<\/li>\n<p><!-- [et_pb_line_break_holder] -->        <\/p>\n<li>Rentabilit\u00e9 et tr\u00e9sorerie<\/li>\n<p><!-- [et_pb_line_break_holder] -->        <\/p>\n<li>Analyse des processus internes<\/li>\n<p><!-- [et_pb_line_break_holder] -->    <\/ul>\n<p>\u00a0  <\/p><\/div>\n<p><!-- [et_pb_line_break_holder] -->     <!-- [et_pb_line_break_holder] --><\/div>\n<p>[\/et_pb_code][et_pb_code module_class=&#8221;service-desc-title&#8221; _builder_version=&#8221;4.27.0&#8243; _module_preset=&#8221;default&#8221; custom_padding=&#8221;25px|30px|0px|30px|false|true&#8221; custom_css_free_form=&#8221;.service-txt-title{||  color:  #000 ;||font-family: Poppins;||font-size: 18px;||font-style: normal;||font-weight: 500;||line-height: 26px; \/* 144.444% *\/||  margin-bottom : 22px;||}&#8221; border_radii=&#8221;on|30px|30px|30px|30px&#8221; border_width_all=&#8221;2px&#8221; border_color_all=&#8221;#f6f6f6&#8243; box_shadow_style=&#8221;preset1&#8243; global_colors_info=&#8221;{}&#8221;]<\/p>\n<div class=\"service-desc-container\"><!-- [et_pb_line_break_holder] -->   <\/p>\n<div class=\"service-txt-title\">\u00a0Accompagnement \u00e0 la croissance de la soci\u00e9t\u00e9 :<\/div>\n<p><!-- [et_pb_line_break_holder] -->     <\/p>\n<div class=\"service-desc-list\">\n<ul><!-- [et_pb_line_break_holder] -->        <\/p>\n<li>Croissance externe : fusion et acquisition<\/li>\n<p><!-- [et_pb_line_break_holder] -->        <\/p>\n<li>Evaluation des entreprises<\/li>\n<p><!-- [et_pb_line_break_holder] -->        <\/p>\n<li>Evaluation des actifs et des entreprises<\/li>\n<\/ul><\/div>\n<\/div>\n<p>[\/et_pb_code][et_pb_code module_class=&#8221;service-desc-title&#8221; _builder_version=&#8221;4.27.0&#8243; _module_preset=&#8221;default&#8221; custom_padding=&#8221;25px|30px|0px|30px|false|true&#8221; custom_css_free_form=&#8221;.service-txt-title{||  color:  #000 ;||font-family: Poppins;||font-size: 18px;||font-style: normal;||font-weight: 500;||line-height: 26px; \/* 144.444% *\/||  margin-bottom : 22px;||}&#8221; border_radii=&#8221;on|30px|30px|30px|30px&#8221; border_width_all=&#8221;2px&#8221; border_color_all=&#8221;#f6f6f6&#8243; box_shadow_style=&#8221;preset1&#8243; global_colors_info=&#8221;{}&#8221;]<\/p>\n<div class=\"service-desc-container\"><!-- [et_pb_line_break_holder] -->   <\/p>\n<div class=\"service-txt-title\">\u00a0Assistance et conseil en informatique :<\/div>\n<p><!-- [et_pb_line_break_holder] -->     <\/p>\n<div class=\"service-desc-list\">\n<ul><!-- [et_pb_line_break_holder] -->        <\/p>\n<li>Aide \u00e0 l\u2019implantation de syst\u00e8mes informatiques<\/li>\n<li>Choix de syst\u00e8mes informatiques<\/li>\n<\/ul>\n<p>\u00a0  <\/p><\/div>\n<\/div>\n<p>[\/et_pb_code][et_pb_code module_class=&#8221;service-desc-title&#8221; _builder_version=&#8221;4.27.0&#8243; _module_preset=&#8221;default&#8221; custom_padding=&#8221;25px|30px|0px|30px|false|true&#8221; custom_css_free_form=&#8221;.service-txt-title{||  color:  #000 ;||font-family: Poppins;||font-size: 18px;||font-style: normal;||font-weight: 500;||line-height: 26px; \/* 144.444% *\/||  margin-bottom : 22px;||}&#8221; border_radii=&#8221;on|30px|30px|30px|30px&#8221; border_width_all=&#8221;2px&#8221; border_color_all=&#8221;#f6f6f6&#8243; box_shadow_style=&#8221;preset1&#8243; global_colors_info=&#8221;{}&#8221;]<\/p>\n<div class=\"service-desc-container\"><!-- [et_pb_line_break_holder] -->   <\/p>\n<div class=\"service-txt-title\">Assistance et conseil en mati\u00e8re juridique :<\/div>\n<div class=\"service-txt-subtitle\">Si nous r\u00e9alisons des missions<!-- [et_pb_line_break_holder] -->comptables pour les entreprises, nous pourrons \u00e9galement assister la soci\u00e9t\u00e9<!-- [et_pb_line_break_holder] -->sur les diff\u00e9rentes \u00e9tapes de son cycle de vie.<\/div>\n<p>\u00a0     <\/p>\n<div class=\"service-desc-list\">\n<ul><!-- [et_pb_line_break_holder] -->        <\/p>\n<li>Cr\u00e9ation de soci\u00e9t\u00e9 : r\u00e9daction des statuts, immatriculation de la<!-- [et_pb_line_break_holder] -->soci\u00e9t\u00e9\u2026<\/li>\n<li>Modification du capital social : augmentation ou diminution du capital<!-- [et_pb_line_break_holder] -->social en cas de besoin<\/li>\n<li>Transformation d\u2019une soci\u00e9t\u00e9 : changement de la forme juridique, etc.<\/li>\n<li>Secr\u00e9tariat juridique : organisation d\u2019assembl\u00e9es g\u00e9n\u00e9rales ordinaires<!-- [et_pb_line_break_holder] -->ou extraordinaires, r\u00e9daction des textes de r\u00e9solution et de proc\u00e8s-<!-- [et_pb_line_break_holder] -->verbaux, r\u00e9daction des rapports de gestion, etc.<\/li>\n<li>Dissolution et liquidation<\/li>\n<\/ul>\n<\/div>\n<\/div>\n<p>[\/et_pb_code][et_pb_code module_class=&#8221;service-desc-title&#8221; _builder_version=&#8221;4.27.0&#8243; _module_preset=&#8221;default&#8221; custom_padding=&#8221;25px|30px|0px|30px|false|true&#8221; custom_css_free_form=&#8221;.service-txt-title{||  color:  #000 ;||font-family: Poppins;||font-size: 18px;||font-style: normal;||font-weight: 500;||line-height: 26px; \/* 144.444% *\/||  margin-bottom : 22px;||}&#8221; border_radii=&#8221;on|30px|30px|30px|30px&#8221; border_width_all=&#8221;2px&#8221; border_color_all=&#8221;#f6f6f6&#8243; box_shadow_style=&#8221;preset1&#8243; global_colors_info=&#8221;{}&#8221;]<\/p>\n<div class=\"service-desc-container\"><!-- [et_pb_line_break_holder] -->   <\/p>\n<div class=\"service-txt-title\">\u00a0Accompagnement \u00e0 l\u2019\u00e9volution de la soci\u00e9t\u00e9 :<\/div>\n<p><!-- [et_pb_line_break_holder] -->     <\/p>\n<div class=\"service-desc-list\">\n<ul><!-- [et_pb_line_break_holder] -->        <\/p>\n<li>Introduction et application des IFRS<\/li>\n<p><!-- [et_pb_line_break_holder] -->        <\/p>\n<li>Transition vers IFRS<\/li>\n<p><!-- [et_pb_line_break_holder] -->        <\/p>\n<li>Conversion des GAAP (ex : IFRS, Chiness GAAP, HK GAAP \/GAAP locaux)<\/li>\n<\/ul><\/div>\n<\/div>\n<p>[\/et_pb_code][et_pb_code module_class=&#8221;service-desc-title&#8221; _builder_version=&#8221;4.27.0&#8243; _module_preset=&#8221;default&#8221; custom_padding=&#8221;25px|30px|0px|30px|false|true&#8221; custom_css_free_form=&#8221;.service-txt-title{||  color:  #000 ;||font-family: Poppins;||font-size: 18px;||font-style: normal;||font-weight: 500;||line-height: 26px; \/* 144.444% *\/||  margin-bottom : 22px;||}&#8221; border_radii=&#8221;on|30px|30px|30px|30px&#8221; border_width_all=&#8221;2px&#8221; border_color_all=&#8221;#f6f6f6&#8243; box_shadow_style=&#8221;preset1&#8243; global_colors_info=&#8221;{}&#8221;]<\/p>\n<div class=\"service-desc-container\"><!-- [et_pb_line_break_holder] -->   <\/p>\n<div class=\"service-txt-title\">\u00a0Assistance \u00e0 l\u2019avenir vert :<\/div>\n<p><!-- [et_pb_line_break_holder] -->     <\/p>\n<div class=\"service-desc-list\">\n<ul><!-- [et_pb_line_break_holder] -->        <\/p>\n<li>Corporate Sustainability Reporting Directive (CSRD)<\/li>\n<p><!-- [et_pb_line_break_holder] -->        <\/p>\n<li>Pr\u00e9paration \u00e0 la transition vers la directive CSRD<\/li>\n<\/ul><\/div>\n<\/div>\n<p>[\/et_pb_code][\/et_pb_column][\/et_pb_row][\/et_pb_section]<\/p>\n","protected":false},"excerpt":{"rendered":"<p>Notre expertise en conseil pour optimiser votre organisation &nbsp;Tout au long de nos missions de conseil et d\u2019organisation, Bilink Advisory s\u2019engage \u00e0 incarner ses valeurs fondamentales : proactivit\u00e9, pragmatisme et efficacit\u00e9, au service de la performance de votre entreprise. &nbsp;Bilink Advisory propose une large gamme de services comptables, fiscaux et de conseil pour accompagner la [&hellip;]<\/p>\n","protected":false},"author":2,"featured_media":3000,"parent":0,"menu_order":0,"comment_status":"closed","ping_status":"closed","template":"","meta":{"_et_pb_use_builder":"on","_et_pb_old_content":"","_et_gb_content_width":"","footnotes":""},"class_list":["post-227","page","type-page","status-publish","has-post-thumbnail","hentry"],"jetpack_sharing_enabled":true,"_links":{"self":[{"href":"https:\/\/www.bilinkadvisory.com\/index.php\/wp-json\/wp\/v2\/pages\/227","targetHints":{"allow":["GET"]}}],"collection":[{"href":"https:\/\/www.bilinkadvisory.com\/index.php\/wp-json\/wp\/v2\/pages"}],"about":[{"href":"https:\/\/www.bilinkadvisory.com\/index.php\/wp-json\/wp\/v2\/types\/page"}],"author":[{"embeddable":true,"href":"https:\/\/www.bilinkadvisory.com\/index.php\/wp-json\/wp\/v2\/users\/2"}],"replies":[{"embeddable":true,"href":"https:\/\/www.bilinkadvisory.com\/index.php\/wp-json\/wp\/v2\/comments?post=227"}],"version-history":[{"count":99,"href":"https:\/\/www.bilinkadvisory.com\/index.php\/wp-json\/wp\/v2\/pages\/227\/revisions"}],"predecessor-version":[{"id":3015,"href":"https:\/\/www.bilinkadvisory.com\/index.php\/wp-json\/wp\/v2\/pages\/227\/revisions\/3015"}],"wp:featuredmedia":[{"embeddable":true,"href":"https:\/\/www.bilinkadvisory.com\/index.php\/wp-json\/wp\/v2\/media\/3000"}],"wp:attachment":[{"href":"https:\/\/www.bilinkadvisory.com\/index.php\/wp-json\/wp\/v2\/media?parent=227"}],"curies":[{"name":"wp","href":"https:\/\/api.w.org\/{rel}","templated":true}]}}